{"id":911,"date":"2016-02-15T08:30:15","date_gmt":"2016-02-15T08:30:15","guid":{"rendered":"http:\/\/plumbingmenorca.com\/es\/installations\/ground-source-heat-pump\/"},"modified":"2016-07-24T15:54:58","modified_gmt":"2016-07-24T13:54:58","slug":"bombas-de-calor-geotermia","status":"publish","type":"page","link":"https:\/\/plumbingmenorca.com\/es\/instalaciones\/bombas-de-calor-geotermia\/","title":{"rendered":"Bombas de Calor Aire y Geotermia"},"content":{"rendered":"<div id=\"pl-911\"  class=\"panel-layout\" ><div id=\"pg-911-0\"  class=\"panel-grid panel-no-style\" ><div id=\"pgc-911-0-0\"  class=\"panel-grid-cell\" ><div id=\"panel-911-0-0-0\" class=\"so-panel widget widget_sow-editor panel-first-child panel-last-child\" data-index=\"0\" ><div\n\t\t\t\n\t\t\tclass=\"so-widget-sow-editor so-widget-sow-editor-base\"\n\t\t\t\n\t\t>\n<div class=\"siteorigin-widget-tinymce textwidget\">\n\t<h2 class=\"alternative-heading\">Bombas de Calor de Aire\u00a0<\/h2>\n<p>Bombas de calor \u00a0de aire absorben el calor del aire exterior. Este calor puede ser utilizado para calentar radiadores, sistemas de calefacci\u00f3n por suelo radiante, o conectores de aire caliente y agua caliente en su casa.<\/p>\n<p>La bomba de calor de aire extrae calor del aire exterior de la misma manera que un refrigerador extrae calor de su interior. Puede obtener calor desde el aire incluso cuando la temperatura es de-15 \u00b0 C. nunca hemos llegado a esa temperatura en Menorca \u2013 la temperatura m\u00e1s baja alcanzada en la historia \u00a0fue de -2,4 \u00b0 C en enero de 1985 - oh, y dos a\u00f1os antes, en julio de 1983 las temperaturas alcanzaron 39,6 \u00b0 C!<\/p>\n<p>Las bombas de calor tienen alg\u00fan impacto sobre el medio ambiente ya que necesitan electricidad para funcionar, pero el calor que extrae de la tierra, el \u00a0aire, o el agua constantemente se renueva naturalmente.<\/p>\n<p>A diferencia de las calderas de gas y aceite, las bombas de calor aportan calor a temperaturas m\u00e1s bajas durante per\u00edodos mucho m\u00e1s prolongados. Durante el invierno podr\u00edan necesiten estar en constante funcionamiento para calentar su casa eficientemente. Usted tambi\u00e9n notar\u00e1 que los radiadores no est\u00e1n tan calientes al tacto, como suelen estar cuando se utiliza una caldera a gas o petr\u00f3leo. Por esa raz\u00f3n recomendemos que la calefacci\u00f3n sea \u00a0por suelo radiante.<\/p>\n<p>En Menorca, es generalmente la opci\u00f3n preferida para las bombas de calor de fuente terrestre ya que a menudo para cavar \u00a0la roca es bastante caro. Podemos asesorarle\u00a0 sobre las mejores opciones.<\/p>\n<h2 class=\"alternative-heading\">Bombas de calor de fuente terrestre<\/h2>\n<p>Bombas de calor de fuente terrestre tienen un tubo enterrado en el jard\u00edn. Dentro de los tubos circula un glicol (anticongelante) y una mezcla de agua que absorbe suavemente el calor almacenado en la tierra. Este bajo nivel de \u00a0calor es absorbido por el l\u00edquido y pasa a trav\u00e9s de un intercambiador de calor en la bomba de calor y luego al sistema de calefacci\u00f3n central en\u00a0 la casa. Se puede usar para calentar radiadores, sistemas de calefacci\u00f3n de aire caliente o por suelo radiante y agua caliente en su casa.<\/p>\n<p>La tierra se mantiene a una temperatura bastante constante bajo la superficie, as\u00ed la bomba de calor puede ser utilizada durante todo el a\u00f1o, incluso en pleno invierno. Los tubos se pueden enterrar horizontalmente \u00a0o verticalmente \u00a0dependiendo del espacio disponible.<\/p>\n<p>Bombas de calor tienen alg\u00fan impacto sobre el medio ambiente, ya que necesita electricidad para funcionar, pero el calor que se extrae de la tierra constantemente y se renueva naturalmente.<\/p>\n<p>Como se mencion\u00f3 anteriormente podemos necesita hacer un \u00a0reconocimiento antes de recomendar bombas de calor de fuente terrestre como normalmente su villa est\u00e1 construida sobre roca y que las excavaciones est\u00e1n prohibidas, en cuyo caso recomendamos bombas de calor por aire.<\/p>\n<p>\u00a0<\/p>\n<h3 class=\"alternative-heading\">Ventajas de estas fuentes de energ\u00eda \u00a0alternativas son:<\/h3>\n<ul>\n<li>reducir las facturas de combustible, sobre todo si sustituye su calefacci\u00f3n el\u00e9ctrica convencional<\/li>\n<li>bajar las emisiones de carbono de su casa, dependiendo de qu\u00e9 combustible est\u00e9 reemplazando<\/li>\n<li>eliminar la entrega de combustible<\/li>\n<li>calentar su piscina<\/li>\n<li>puede calentar su hogar y proveer agua caliente<\/li>\n<\/ul>\n<\/div>\n<\/div><\/div><\/div><div id=\"pgc-911-0-1\"  class=\"panel-grid-cell\" ><div id=\"panel-911-0-1-0\" class=\"so-panel widget widget_black-studio-tinymce widget_black_studio_tinymce panel-first-child panel-last-child\" data-index=\"1\" ><div class=\"textwidget\"><p><figure id=\"attachment_1203\" aria-describedby=\"caption-attachment-1203\" style=\"width: 416px\" class=\"wp-caption aligncenter\"><img loading=\"lazy\" decoding=\"async\" class=\"wp-image-1203 size-full\" src=\"http:\/\/plumbingmenorca.com\/wp-content\/uploads\/2016\/02\/3.jpg\" alt=\"Unidad  simple de bomba de calor aire \" width=\"416\" height=\"555\" srcset=\"https:\/\/plumbingmenorca.com\/wp-content\/uploads\/2016\/02\/3.jpg 416w, https:\/\/plumbingmenorca.com\/wp-content\/uploads\/2016\/02\/3-225x300.jpg 225w\" sizes=\"(max-width: 416px) 100vw, 416px\" \/><figcaption id=\"caption-attachment-1203\" class=\"wp-caption-text\">Unidad doble de bomba de calor aire<\/figcaption><\/figure><figure id=\"attachment_1204\" aria-describedby=\"caption-attachment-1204\" style=\"width: 416px\" class=\"wp-caption aligncenter\"><img loading=\"lazy\" decoding=\"async\" class=\"wp-image-1204 size-full\" src=\"http:\/\/plumbingmenorca.com\/wp-content\/uploads\/2016\/02\/4.jpg\" alt=\"Unidad  simple de bomba de calor aire \" width=\"416\" height=\"555\" srcset=\"https:\/\/plumbingmenorca.com\/wp-content\/uploads\/2016\/02\/4.jpg 416w, https:\/\/plumbingmenorca.com\/wp-content\/uploads\/2016\/02\/4-225x300.jpg 225w\" sizes=\"(max-width: 416px) 100vw, 416px\" \/><figcaption id=\"caption-attachment-1204\" class=\"wp-caption-text\">Unidad simple de bomba de calor aire<\/figcaption><\/figure><figure id=\"attachment_1206\" aria-describedby=\"caption-attachment-1206\" style=\"width: 416px\" class=\"wp-caption aligncenter\"><img loading=\"lazy\" decoding=\"async\" class=\"size-full wp-image-1206\" src=\"http:\/\/plumbingmenorca.com\/wp-content\/uploads\/2016\/02\/low-temp-radiators-for-air-to-water-heat-pumps.jpg\" alt=\"Low temperature radiators for air to water heat pumps\" width=\"416\" height=\"312\" srcset=\"https:\/\/plumbingmenorca.com\/wp-content\/uploads\/2016\/02\/low-temp-radiators-for-air-to-water-heat-pumps.jpg 416w, https:\/\/plumbingmenorca.com\/wp-content\/uploads\/2016\/02\/low-temp-radiators-for-air-to-water-heat-pumps-300x225.jpg 300w, https:\/\/plumbingmenorca.com\/wp-content\/uploads\/2016\/02\/low-temp-radiators-for-air-to-water-heat-pumps-100x75.jpg 100w\" sizes=\"(max-width: 416px) 100vw, 416px\" \/><figcaption id=\"caption-attachment-1206\" class=\"wp-caption-text\">Radiadores de baja temperatura \u00a0<\/figcaption><\/figure><figure id=\"attachment_1207\" aria-describedby=\"caption-attachment-1207\" style=\"width: 416px\" class=\"wp-caption aligncenter\"><img loading=\"lazy\" decoding=\"async\" class=\"size-full wp-image-1207\" src=\"http:\/\/plumbingmenorca.com\/wp-content\/uploads\/2016\/02\/low-temp-radiators-without-cover.jpg\" alt=\"Low temperature radiators without cover for air to water heat pumps\" width=\"416\" height=\"312\" srcset=\"https:\/\/plumbingmenorca.com\/wp-content\/uploads\/2016\/02\/low-temp-radiators-without-cover.jpg 416w, https:\/\/plumbingmenorca.com\/wp-content\/uploads\/2016\/02\/low-temp-radiators-without-cover-300x225.jpg 300w, https:\/\/plumbingmenorca.com\/wp-content\/uploads\/2016\/02\/low-temp-radiators-without-cover-100x75.jpg 100w\" sizes=\"(max-width: 416px) 100vw, 416px\" \/><figcaption id=\"caption-attachment-1207\" class=\"wp-caption-text\">Radiadores de baja temperatura \u00a0sin su tapa<\/figcaption><\/figure><figure id=\"attachment_1205\" aria-describedby=\"caption-attachment-1205\" style=\"width: 327px\" class=\"wp-caption aligncenter\"><img loading=\"lazy\" decoding=\"async\" class=\"wp-image-1205 size-full\" src=\"http:\/\/plumbingmenorca.com\/wp-content\/uploads\/2016\/02\/air-to-water-heat-pumps.bmp\" alt=\"air-to-water-heat-pumps\" width=\"327\" height=\"436\" \/><figcaption id=\"caption-attachment-1205\" class=\"wp-caption-text\">Calderas para la sistema<\/figcaption><\/figure><\/p>\n<p><img loading=\"lazy\" decoding=\"async\" class=\"aligncenter size-full wp-image-1208\" src=\"http:\/\/plumbingmenorca.com\/wp-content\/uploads\/2016\/02\/mutilpe-air-to-water-heatpumps.bmp\" alt=\"mutilpe air to water heatpumps\" width=\"328\" height=\"437\" \/><\/p>\n<p><img loading=\"lazy\" decoding=\"async\" class=\"aligncenter size-full wp-image-1209\" src=\"http:\/\/plumbingmenorca.com\/wp-content\/uploads\/2016\/02\/2.bmp\" alt=\"2\" width=\"355\" height=\"266\" \/><\/p>\n<\/div><\/div><\/div><\/div><\/div>","protected":false},"excerpt":{"rendered":"<p>Bombas de calor  de aire absorben el calor del aire exterior. Este calor puede ser utilizado para calentar radiadores, sistemas de calefacci\u00f3n por suelo radiante, o conectores de aire caliente y agua caliente en su casa.<\/p>\n","protected":false},"author":1,"featured_media":906,"parent":896,"menu_order":0,"comment_status":"closed","ping_status":"closed","template":"","meta":{"footnotes":""},"_links":{"self":[{"href":"https:\/\/plumbingmenorca.com\/es\/wp-json\/wp\/v2\/pages\/911"}],"collection":[{"href":"https:\/\/plumbingmenorca.com\/es\/wp-json\/wp\/v2\/pages"}],"about":[{"href":"https:\/\/plumbingmenorca.com\/es\/wp-json\/wp\/v2\/types\/page"}],"author":[{"embeddable":true,"href":"https:\/\/plumbingmenorca.com\/es\/wp-json\/wp\/v2\/users\/1"}],"replies":[{"embeddable":true,"href":"https:\/\/plumbingmenorca.com\/es\/wp-json\/wp\/v2\/comments?post=911"}],"version-history":[{"count":12,"href":"https:\/\/plumbingmenorca.com\/es\/wp-json\/wp\/v2\/pages\/911\/revisions"}],"predecessor-version":[{"id":1379,"href":"https:\/\/plumbingmenorca.com\/es\/wp-json\/wp\/v2\/pages\/911\/revisions\/1379"}],"up":[{"embeddable":true,"href":"https:\/\/plumbingmenorca.com\/es\/wp-json\/wp\/v2\/pages\/896"}],"wp:featuredmedia":[{"embeddable":true,"href":"https:\/\/plumbingmenorca.com\/es\/wp-json\/wp\/v2\/media\/906"}],"wp:attachment":[{"href":"https:\/\/plumbingmenorca.com\/es\/wp-json\/wp\/v2\/media?parent=911"}],"curies":[{"name":"wp","href":"https:\/\/api.w.org\/{rel}","templated":true}]}}