{"id":896,"date":"2016-02-14T18:09:03","date_gmt":"2016-02-14T18:09:03","guid":{"rendered":"http:\/\/plumbingmenorca.com\/es\/installations\/"},"modified":"2016-09-01T17:33:14","modified_gmt":"2016-09-01T15:33:14","slug":"instalaciones","status":"publish","type":"page","link":"https:\/\/plumbingmenorca.com\/es\/instalaciones\/","title":{"rendered":"Instalaciones"},"content":{"rendered":"<div id=\"pl-896\"  class=\"panel-layout\" ><div id=\"pg-896-0\"  class=\"panel-grid panel-no-style\" ><div id=\"pgc-896-0-0\"  class=\"panel-grid-cell\" ><div id=\"panel-896-0-0-0\" class=\"so-panel widget widget_pt_featured_page widget-featured-page panel-first-child panel-last-child\" data-index=\"0\" >\t\t\t\t<div class=\"page-box page-box--block post-896 page type-page status-publish has-post-thumbnail hentry\">\n\t\t\t\t\t\t\t\t\t<a class=\"page-box__picture\" href=\"https:\/\/plumbingmenorca.com\/es\/instalaciones\/aire-acondicionado\/\"><img loading=\"lazy\" decoding=\"async\" src=\"https:\/\/plumbingmenorca.com\/wp-content\/uploads\/2016\/02\/air-conditioning-housing-360x240.jpg\" width=\"360\" height=\"240\" srcset=\"https:\/\/plumbingmenorca.com\/wp-content\/uploads\/2016\/02\/air-conditioning-housing-360x240.jpg 360w, https:\/\/plumbingmenorca.com\/wp-content\/uploads\/2016\/02\/air-conditioning-housing.jpg 900w\" sizes=\"(min-width: 992px) 360px, calc(100vw - 30px)\" class=\"wp-post-image\" alt=\"Aire acondicionado\"><\/a>\n\t\t\t\t\t\t\t\t\t<div class=\"page-box__content\">\n\t\t\t\t\t\t<h5 class=\"page-box__title  text-uppercase\"><a href=\"https:\/\/plumbingmenorca.com\/es\/instalaciones\/aire-acondicionado\/\">Aire acondicionado<\/a><\/h5>\n\t\t\t\t\t\t<p>El aire acondicionado es un hecho de la vida en Menorca. \u00a1Mientras que todos podemos disfrutar del calor del sol, cuando las temperaturas del verano se disparan los 30 grados cent\u00edgrados, a veces el \u00fanico alivio es un par de horas en una &hellip;<\/p>\n\t\t\t\t\t\t\t\t\t\t\t\t\t<p><a href=\"https:\/\/plumbingmenorca.com\/es\/instalaciones\/aire-acondicionado\/\" class=\"read-more  read-more--page-box\">Leer m\u00e1s<\/a><\/p>\n\t\t\t\t\t\t\t\t\t\t\t<\/div>\n\t\t\t\t<\/div>\n\n\t\t\t<\/div><\/div><div id=\"pgc-896-0-1\"  class=\"panel-grid-cell\" ><div id=\"panel-896-0-1-0\" class=\"so-panel widget widget_pt_featured_page widget-featured-page panel-first-child panel-last-child\" data-index=\"1\" >\t\t\t\t<div class=\"page-box page-box--block post-896 page type-page status-publish has-post-thumbnail hentry\">\n\t\t\t\t\t\t\t\t\t<a class=\"page-box__picture\" href=\"https:\/\/plumbingmenorca.com\/es\/instalaciones\/calefaccion-central-y-calderas\/\"><img loading=\"lazy\" decoding=\"async\" src=\"https:\/\/plumbingmenorca.com\/wp-content\/uploads\/2016\/02\/central-heating-360x240.jpg\" width=\"360\" height=\"240\" srcset=\"https:\/\/plumbingmenorca.com\/wp-content\/uploads\/2016\/02\/central-heating-360x240.jpg 360w, https:\/\/plumbingmenorca.com\/wp-content\/uploads\/2016\/02\/central-heating.jpg 900w\" sizes=\"(min-width: 992px) 360px, calc(100vw - 30px)\" class=\"wp-post-image\" alt=\"Calefacci\u00f3n Central y Calderas\"><\/a>\n\t\t\t\t\t\t\t\t\t<div class=\"page-box__content\">\n\t\t\t\t\t\t<h5 class=\"page-box__title  text-uppercase\"><a href=\"https:\/\/plumbingmenorca.com\/es\/instalaciones\/calefaccion-central-y-calderas\/\">Calefacci\u00f3n Central y Calderas<\/a><\/h5>\n\t\t\t\t\t\t<p>En Menorca nos olvidamos de lo caluroso que es el verano y que fr\u00edo que es el invierno. Haga esos inviernos fr\u00edos m\u00e1s soportable con calefacci\u00f3n central.\r\nAveriguaremos sus necesidades y instalaremos el mejor y m\u00e1s eficiente sistema central &hellip;<\/p>\n\t\t\t\t\t\t\t\t\t\t\t\t\t<p><a href=\"https:\/\/plumbingmenorca.com\/es\/instalaciones\/calefaccion-central-y-calderas\/\" class=\"read-more  read-more--page-box\">Leer m\u00e1s<\/a><\/p>\n\t\t\t\t\t\t\t\t\t\t\t<\/div>\n\t\t\t\t<\/div>\n\n\t\t\t<\/div><\/div><div id=\"pgc-896-0-2\"  class=\"panel-grid-cell\" ><div id=\"panel-896-0-2-0\" class=\"so-panel widget widget_pt_featured_page widget-featured-page panel-first-child panel-last-child\" data-index=\"2\" >\t\t\t\t<div class=\"page-box page-box--block post-896 page type-page status-publish has-post-thumbnail hentry\">\n\t\t\t\t\t\t\t\t\t<a class=\"page-box__picture\" href=\"https:\/\/plumbingmenorca.com\/es\/instalaciones\/solar-panels\/\"><img loading=\"lazy\" decoding=\"async\" src=\"https:\/\/plumbingmenorca.com\/wp-content\/uploads\/2016\/02\/solar-panel-1.jpg\" width=\"300\" height=\"200\" srcset=\"https:\/\/plumbingmenorca.com\/wp-content\/uploads\/2016\/02\/solar-panel-1.jpg 300w, https:\/\/plumbingmenorca.com\/wp-content\/uploads\/2016\/02\/solar-panel-1.jpg 300w\" sizes=\"(min-width: 992px) 360px, calc(100vw - 30px)\" class=\"wp-post-image\" alt=\"Paneles Solares\"><\/a>\n\t\t\t\t\t\t\t\t\t<div class=\"page-box__content\">\n\t\t\t\t\t\t<h5 class=\"page-box__title  text-uppercase\"><a href=\"https:\/\/plumbingmenorca.com\/es\/instalaciones\/solar-panels\/\">Paneles Solares<\/a><\/h5>\n\t\t\t\t\t\t<p>Se puede utilizar paneles solares para generar electricidad cargando bater\u00edas de 12v o para calentar el agua. Los paneles solares tambi\u00e9n pueden servir para calentar su piscina.<\/p>\n\t\t\t\t\t\t\t\t\t\t\t\t\t<p><a href=\"https:\/\/plumbingmenorca.com\/es\/instalaciones\/solar-panels\/\" class=\"read-more  read-more--page-box\">Leer m\u00e1s<\/a><\/p>\n\t\t\t\t\t\t\t\t\t\t\t<\/div>\n\t\t\t\t<\/div>\n\n\t\t\t<\/div><\/div><\/div><div id=\"pg-896-1\"  class=\"panel-grid panel-no-style\" ><div id=\"pgc-896-1-0\"  class=\"panel-grid-cell\" ><div id=\"panel-896-1-0-0\" class=\"so-panel widget widget_pt_featured_page widget-featured-page panel-first-child panel-last-child\" data-index=\"3\" >\t\t\t\t<div class=\"page-box page-box--block post-896 page type-page status-publish has-post-thumbnail hentry\">\n\t\t\t\t\t\t\t\t\t<a class=\"page-box__picture\" href=\"https:\/\/plumbingmenorca.com\/es\/instalaciones\/bombas-de-calor-geotermia\/\"><img loading=\"lazy\" decoding=\"async\" src=\"https:\/\/plumbingmenorca.com\/wp-content\/uploads\/2016\/02\/ground-source-heat-pump-coils-320x240.jpg\" width=\"320\" height=\"240\" srcset=\"https:\/\/plumbingmenorca.com\/wp-content\/uploads\/2016\/02\/ground-source-heat-pump-coils-320x240.jpg 320w, https:\/\/plumbingmenorca.com\/wp-content\/uploads\/2016\/02\/ground-source-heat-pump-coils.jpg 320w\" sizes=\"(min-width: 992px) 360px, calc(100vw - 30px)\" class=\"wp-post-image\" alt=\"Bombas de Calor Aire y Geotermia\"><\/a>\n\t\t\t\t\t\t\t\t\t<div class=\"page-box__content\">\n\t\t\t\t\t\t<h5 class=\"page-box__title  text-uppercase\"><a href=\"https:\/\/plumbingmenorca.com\/es\/instalaciones\/bombas-de-calor-geotermia\/\">Bombas de Calor Aire y Geotermia<\/a><\/h5>\n\t\t\t\t\t\t<p>Bombas de calor  de aire absorben el calor del aire exterior. Este calor puede ser utilizado para calentar radiadores, sistemas de calefacci\u00f3n por suelo radiante, o conectores de aire caliente y agua caliente en su casa.<\/p>\n\t\t\t\t\t\t\t\t\t\t\t\t\t<p><a href=\"https:\/\/plumbingmenorca.com\/es\/instalaciones\/bombas-de-calor-geotermia\/\" class=\"read-more  read-more--page-box\">Leer m\u00e1s<\/a><\/p>\n\t\t\t\t\t\t\t\t\t\t\t<\/div>\n\t\t\t\t<\/div>\n\n\t\t\t<\/div><\/div><div id=\"pgc-896-1-1\"  class=\"panel-grid-cell panel-grid-cell-mobile-last\" ><div id=\"panel-896-1-1-0\" class=\"so-panel widget widget_pt_featured_page widget-featured-page panel-first-child panel-last-child\" data-index=\"4\" >\t\t\t\t<div class=\"page-box page-box--block post-896 page type-page status-publish has-post-thumbnail hentry\">\n\t\t\t\t\t\t\t\t\t<a class=\"page-box__picture\" href=\"https:\/\/plumbingmenorca.com\/es\/instalaciones\/tratamiento-y-purificacion-de-agua\/\"><img loading=\"lazy\" decoding=\"async\" src=\"https:\/\/plumbingmenorca.com\/wp-content\/uploads\/2016\/03\/water-treatment-360x240.jpg\" width=\"360\" height=\"240\" srcset=\"https:\/\/plumbingmenorca.com\/wp-content\/uploads\/2016\/03\/water-treatment-360x240.jpg 360w, https:\/\/plumbingmenorca.com\/wp-content\/uploads\/2016\/03\/water-treatment.jpg 900w\" sizes=\"(min-width: 992px) 360px, calc(100vw - 30px)\" class=\"wp-post-image\" alt=\"Tratamiento Y Purificaci\u00f3n de Agua\"><\/a>\n\t\t\t\t\t\t\t\t\t<div class=\"page-box__content\">\n\t\t\t\t\t\t<h5 class=\"page-box__title  text-uppercase\"><a href=\"https:\/\/plumbingmenorca.com\/es\/instalaciones\/tratamiento-y-purificacion-de-agua\/\">Tratamiento Y Purificaci\u00f3n de Agua<\/a><\/h5>\n\t\t\t\t\t\t<p>L\u2019 agua de  Menorca tiene un alto contenido en cal que causa desperfectos en su caldera, lavavajillas, lavadora, calentador de agua, calderas, tuber\u00edas etc.. <\/p>\n\t\t\t\t\t\t\t\t\t\t\t\t\t<p><a href=\"https:\/\/plumbingmenorca.com\/es\/instalaciones\/tratamiento-y-purificacion-de-agua\/\" class=\"read-more  read-more--page-box\">Leer m\u00e1s<\/a><\/p>\n\t\t\t\t\t\t\t\t\t\t\t<\/div>\n\t\t\t\t<\/div>\n\n\t\t\t<\/div><\/div><div id=\"pgc-896-1-2\"  class=\"panel-grid-cell panel-grid-cell-empty\" ><\/div><\/div><\/div>","protected":false},"excerpt":{"rendered":"<p>Podemos instalar casi cualquier cosa desde aire acondicionado hasta las energias renovables<\/p>\n","protected":false},"author":1,"featured_media":1142,"parent":0,"menu_order":0,"comment_status":"closed","ping_status":"closed","template":"","meta":{"footnotes":""},"_links":{"self":[{"href":"https:\/\/plumbingmenorca.com\/es\/wp-json\/wp\/v2\/pages\/896"}],"collection":[{"href":"https:\/\/plumbingmenorca.com\/es\/wp-json\/wp\/v2\/pages"}],"about":[{"href":"https:\/\/plumbingmenorca.com\/es\/wp-json\/wp\/v2\/types\/page"}],"author":[{"embeddable":true,"href":"https:\/\/plumbingmenorca.com\/es\/wp-json\/wp\/v2\/users\/1"}],"replies":[{"embeddable":true,"href":"https:\/\/plumbingmenorca.com\/es\/wp-json\/wp\/v2\/comments?post=896"}],"version-history":[{"count":8,"href":"https:\/\/plumbingmenorca.com\/es\/wp-json\/wp\/v2\/pages\/896\/revisions"}],"predecessor-version":[{"id":1401,"href":"https:\/\/plumbingmenorca.com\/es\/wp-json\/wp\/v2\/pages\/896\/revisions\/1401"}],"wp:featuredmedia":[{"embeddable":true,"href":"https:\/\/plumbingmenorca.com\/es\/wp-json\/wp\/v2\/media\/1142"}],"wp:attachment":[{"href":"https:\/\/plumbingmenorca.com\/es\/wp-json\/wp\/v2\/media?parent=896"}],"curies":[{"name":"wp","href":"https:\/\/api.w.org\/{rel}","templated":true}]}}