{"id":881,"date":"2014-10-23T08:32:31","date_gmt":"2014-10-23T08:32:31","guid":{"rendered":"http:\/\/plumbingmenorca.com\/es\/leak-detection\/"},"modified":"2016-09-01T17:31:08","modified_gmt":"2016-09-01T15:31:08","slug":"localizar-fugas","status":"publish","type":"page","link":"https:\/\/plumbingmenorca.com\/es\/localizar-fugas\/","title":{"rendered":"Localizar Fugas"},"content":{"rendered":"<div id=\"pl-881\"  class=\"panel-layout\" ><div id=\"pg-881-0\"  class=\"panel-grid panel-no-style\" ><div id=\"pgc-881-0-0\"  class=\"panel-grid-cell\" ><div id=\"panel-881-0-0-0\" class=\"so-panel widget widget_black-studio-tinymce widget_black_studio_tinymce panel-first-child panel-last-child\" data-index=\"0\" ><div class=\"textwidget\"><div id=\"pg-49-0\" class=\"panel-grid\">\n<div id=\"pgc-49-0-0\" class=\"panel-grid-cell\">\n<div id=\"panel-49-0-0-0\" class=\"so-panel widget widget_black-studio-tinymce widget_black_studio_tinymce panel-first-child panel-last-child\">\n<div class=\"textwidget\">\n<p style=\"text-align: center;\">Podemos usar cualquiera de los sistemas detallados para encontrar fugas dependiendo del problema.<\/p>\n<p style=\"text-align: center;\">En instalaciones domesticas un problema, por ejemplo; fugas de agua, derrumbe de desag\u00fces etc., son localizados normalmente dentro de dos horas.<\/p>\n<p style=\"text-align: center;\">En sistemas comerciales e industriales es m\u00e1s dif\u00edcil dar un tiempo de localizaci\u00f3n o escala de costes sin visitar anteriormente el lugar. La visita al lugar no tiene compromiso y damos un presupuesto fijo.<\/p>\n<\/div>\n<\/div>\n<\/div>\n<\/div>\n<\/div><\/div><\/div><\/div><div id=\"pg-881-1\"  class=\"panel-grid panel-no-style\" ><div id=\"pgc-881-1-0\"  class=\"panel-grid-cell\" ><div id=\"panel-881-1-0-0\" class=\"so-panel widget widget_pt_featured_page widget-featured-page panel-first-child panel-last-child\" data-index=\"1\" >\t\t\t\t<div class=\"page-box page-box--block post-881 page type-page status-publish has-post-thumbnail hentry\">\n\t\t\t\t\t\t\t\t\t<a class=\"page-box__picture\" href=\"https:\/\/plumbingmenorca.com\/es\/instalaciones\/aire-acondicionado\/\"><img loading=\"lazy\" decoding=\"async\" src=\"https:\/\/plumbingmenorca.com\/wp-content\/uploads\/2016\/02\/air-conditioning-housing-360x240.jpg\" width=\"360\" height=\"240\" srcset=\"https:\/\/plumbingmenorca.com\/wp-content\/uploads\/2016\/02\/air-conditioning-housing-360x240.jpg 360w, https:\/\/plumbingmenorca.com\/wp-content\/uploads\/2016\/02\/air-conditioning-housing.jpg 900w\" sizes=\"(min-width: 992px) 360px, calc(100vw - 30px)\" class=\"wp-post-image\" alt=\"Aire acondicionado\"><\/a>\n\t\t\t\t\t\t\t\t\t<div class=\"page-box__content\">\n\t\t\t\t\t\t<h5 class=\"page-box__title  text-uppercase\"><a href=\"https:\/\/plumbingmenorca.com\/es\/instalaciones\/aire-acondicionado\/\">Aire acondicionado<\/a><\/h5>\n\t\t\t\t\t\t<p>El aire acondicionado es un hecho de la vida en Menorca. \u00a1Mientras que todos podemos disfrutar del calor del sol, cuando las temperaturas del verano se disparan los 30 grados cent\u00edgrados, a veces el \u00fanico alivio es un par de horas en una &hellip;<\/p>\n\t\t\t\t\t\t\t\t\t\t\t\t\t<p><a href=\"https:\/\/plumbingmenorca.com\/es\/instalaciones\/aire-acondicionado\/\" class=\"read-more  read-more--page-box\">Leer m\u00e1s<\/a><\/p>\n\t\t\t\t\t\t\t\t\t\t\t<\/div>\n\t\t\t\t<\/div>\n\n\t\t\t<\/div><\/div><div id=\"pgc-881-1-1\"  class=\"panel-grid-cell\" ><div id=\"panel-881-1-1-0\" class=\"so-panel widget widget_pt_featured_page widget-featured-page panel-first-child panel-last-child\" data-index=\"2\" >\t\t\t\t<div class=\"page-box page-box--block post-881 page type-page status-publish has-post-thumbnail hentry\">\n\t\t\t\t\t\t\t\t\t<a class=\"page-box__picture\" href=\"https:\/\/plumbingmenorca.com\/es\/localizar-fugas\/hydrogen-leak-detection\/\"><img loading=\"lazy\" decoding=\"async\" src=\"https:\/\/plumbingmenorca.com\/wp-content\/uploads\/2014\/10\/hygrogen-detection.jpg\" width=\"254\" height=\"226\" srcset=\"https:\/\/plumbingmenorca.com\/wp-content\/uploads\/2014\/10\/hygrogen-detection.jpg 254w, https:\/\/plumbingmenorca.com\/wp-content\/uploads\/2014\/10\/hygrogen-detection.jpg 254w\" sizes=\"(min-width: 992px) 360px, calc(100vw - 30px)\" class=\"wp-post-image\" alt=\"Detector de fugas a base de hidrogeno\"><\/a>\n\t\t\t\t\t\t\t\t\t<div class=\"page-box__content\">\n\t\t\t\t\t\t<h5 class=\"page-box__title  text-uppercase\"><a href=\"https:\/\/plumbingmenorca.com\/es\/localizar-fugas\/hydrogen-leak-detection\/\">Detector de fugas a base de hidrogeno<\/a><\/h5>\n\t\t\t\t\t\t<p>Usamos este sistema para localizar fugas de agua y fugas de gas refrigerante. El sistema con la fuga se llena con gas y la fuga se localiza con un ordenador sensible.\r\n<\/p>\n\t\t\t\t\t\t\t\t\t\t\t\t\t<p><a href=\"https:\/\/plumbingmenorca.com\/es\/localizar-fugas\/hydrogen-leak-detection\/\" class=\"read-more  read-more--page-box\">Leer m\u00e1s<\/a><\/p>\n\t\t\t\t\t\t\t\t\t\t\t<\/div>\n\t\t\t\t<\/div>\n\n\t\t\t<\/div><\/div><div id=\"pgc-881-1-2\"  class=\"panel-grid-cell\" ><div id=\"panel-881-1-2-0\" class=\"so-panel widget widget_pt_featured_page widget-featured-page panel-first-child panel-last-child\" data-index=\"3\" >\t\t\t\t<div class=\"page-box page-box--block post-881 page type-page status-publish has-post-thumbnail hentry\">\n\t\t\t\t\t\t\t\t\t<a class=\"page-box__picture\" href=\"https:\/\/plumbingmenorca.com\/es\/localizar-fugas\/localizacion-acustica-de-fugas\/\"><img loading=\"lazy\" decoding=\"async\" src=\"https:\/\/plumbingmenorca.com\/wp-content\/uploads\/2014\/10\/acoustic-leak-detection.jpg\" width=\"300\" height=\"200\" srcset=\"https:\/\/plumbingmenorca.com\/wp-content\/uploads\/2014\/10\/acoustic-leak-detection.jpg 300w, https:\/\/plumbingmenorca.com\/wp-content\/uploads\/2014\/10\/acoustic-leak-detection.jpg 300w\" sizes=\"(min-width: 992px) 360px, calc(100vw - 30px)\" class=\"wp-post-image\" alt=\"Localizaci\u00f3n ac\u00fastica de fugas\"><\/a>\n\t\t\t\t\t\t\t\t\t<div class=\"page-box__content\">\n\t\t\t\t\t\t<h5 class=\"page-box__title  text-uppercase\"><a href=\"https:\/\/plumbingmenorca.com\/es\/localizar-fugas\/localizacion-acustica-de-fugas\/\">Localizaci\u00f3n ac\u00fastica de fugas<\/a><\/h5>\n\t\t\t\t\t\t<p>Localizaci\u00f3n electroac\u00fastica de fugas de agua o de gas en Menorca. Utilizamos un sistema de \u00faltima generaci\u00f3n para todas las fases de la detecci\u00f3n de fugas.\r\n<\/p>\n\t\t\t\t\t\t\t\t\t\t\t\t\t<p><a href=\"https:\/\/plumbingmenorca.com\/es\/localizar-fugas\/localizacion-acustica-de-fugas\/\" class=\"read-more  read-more--page-box\">Leer m\u00e1s<\/a><\/p>\n\t\t\t\t\t\t\t\t\t\t\t<\/div>\n\t\t\t\t<\/div>\n\n\t\t\t<\/div><\/div><\/div><div id=\"pg-881-2\"  class=\"panel-grid panel-no-style\" ><div id=\"pgc-881-2-0\"  class=\"panel-grid-cell\" ><div id=\"panel-881-2-0-0\" class=\"so-panel widget widget_pt_featured_page widget-featured-page panel-first-child panel-last-child\" data-index=\"4\" >\t\t\t\t<div class=\"page-box page-box--block post-881 page type-page status-publish has-post-thumbnail hentry\">\n\t\t\t\t\t\t\t\t\t<a class=\"page-box__picture\" href=\"https:\/\/plumbingmenorca.com\/es\/localizar-fugas\/thermography\/\"><img loading=\"lazy\" decoding=\"async\" src=\"https:\/\/plumbingmenorca.com\/wp-content\/uploads\/2014\/10\/thermal-imagery.jpg\" width=\"300\" height=\"200\" srcset=\"https:\/\/plumbingmenorca.com\/wp-content\/uploads\/2014\/10\/thermal-imagery.jpg 300w, https:\/\/plumbingmenorca.com\/wp-content\/uploads\/2014\/10\/thermal-imagery.jpg 300w\" sizes=\"(min-width: 992px) 360px, calc(100vw - 30px)\" class=\"wp-post-image\" alt=\"Termograf\u00eda\"><\/a>\n\t\t\t\t\t\t\t\t\t<div class=\"page-box__content\">\n\t\t\t\t\t\t<h5 class=\"page-box__title  text-uppercase\"><a href=\"https:\/\/plumbingmenorca.com\/es\/localizar-fugas\/thermography\/\">Termograf\u00eda<\/a><\/h5>\n\t\t\t\t\t\t<p>Se utiliza para localizar fugas en tuber\u00edas de agua caliente, calefacci\u00f3n, suelo radian y de encontrar fallos en sistemas el\u00e9ctricos que est\u00e1n sobrealimentados<\/p>\n\t\t\t\t\t\t\t\t\t\t\t\t\t<p><a href=\"https:\/\/plumbingmenorca.com\/es\/localizar-fugas\/thermography\/\" class=\"read-more  read-more--page-box\">Leer m\u00e1s<\/a><\/p>\n\t\t\t\t\t\t\t\t\t\t\t<\/div>\n\t\t\t\t<\/div>\n\n\t\t\t<\/div><\/div><div id=\"pgc-881-2-1\"  class=\"panel-grid-cell\" ><div id=\"panel-881-2-1-0\" class=\"so-panel widget widget_pt_featured_page widget-featured-page panel-first-child panel-last-child\" data-index=\"5\" >\t\t\t\t<div class=\"page-box page-box--block post-881 page type-page status-publish has-post-thumbnail hentry\">\n\t\t\t\t\t\t\t\t\t<a class=\"page-box__picture\" href=\"https:\/\/plumbingmenorca.com\/es\/localizar-fugas\/generacion-de-senal\/\"><img loading=\"lazy\" decoding=\"async\" src=\"https:\/\/plumbingmenorca.com\/wp-content\/uploads\/2014\/10\/signal-generation.jpg\" width=\"300\" height=\"200\" srcset=\"https:\/\/plumbingmenorca.com\/wp-content\/uploads\/2014\/10\/signal-generation.jpg 300w, https:\/\/plumbingmenorca.com\/wp-content\/uploads\/2014\/10\/signal-generation.jpg 300w\" sizes=\"(min-width: 992px) 360px, calc(100vw - 30px)\" class=\"wp-post-image\" alt=\"Generaci\u00f3n de se\u00f1al\"><\/a>\n\t\t\t\t\t\t\t\t\t<div class=\"page-box__content\">\n\t\t\t\t\t\t<h5 class=\"page-box__title  text-uppercase\"><a href=\"https:\/\/plumbingmenorca.com\/es\/localizar-fugas\/generacion-de-senal\/\">Generaci\u00f3n de se\u00f1al<\/a><\/h5>\n\t\t\t\t\t\t<p>Se utiliza este sistema para localizar y detectar servicios subterr\u00e1neos, es decir; cables el\u00e9ctricos, tuber\u00edas de agua, cables de telecomunicaciones, tubos de metal y alcantarillado<\/p>\n\t\t\t\t\t\t\t\t\t\t\t\t\t<p><a href=\"https:\/\/plumbingmenorca.com\/es\/localizar-fugas\/generacion-de-senal\/\" class=\"read-more  read-more--page-box\">Leer m\u00e1s<\/a><\/p>\n\t\t\t\t\t\t\t\t\t\t\t<\/div>\n\t\t\t\t<\/div>\n\n\t\t\t<\/div><\/div><div id=\"pgc-881-2-2\"  class=\"panel-grid-cell\" ><div id=\"panel-881-2-2-0\" class=\"so-panel widget widget_pt_featured_page widget-featured-page panel-first-child panel-last-child\" data-index=\"6\" >\t\t\t\t<div class=\"page-box page-box--block post-881 page type-page status-publish has-post-thumbnail hentry\">\n\t\t\t\t\t\t\t\t\t<a class=\"page-box__picture\" href=\"https:\/\/plumbingmenorca.com\/es\/localizar-fugas\/pipe-bursting\/\"><img loading=\"lazy\" decoding=\"async\" src=\"https:\/\/plumbingmenorca.com\/wp-content\/uploads\/2016\/02\/pipe-bursting-360x240.jpg\" width=\"360\" height=\"240\" srcset=\"https:\/\/plumbingmenorca.com\/wp-content\/uploads\/2016\/02\/pipe-bursting-360x240.jpg 360w, https:\/\/plumbingmenorca.com\/wp-content\/uploads\/2016\/02\/pipe-bursting.jpg 595w\" sizes=\"(min-width: 992px) 360px, calc(100vw - 30px)\" class=\"wp-post-image\" alt=\"Explosi\u00f3n de tuber\u00eda\"><\/a>\n\t\t\t\t\t\t\t\t\t<div class=\"page-box__content\">\n\t\t\t\t\t\t<h5 class=\"page-box__title  text-uppercase\"><a href=\"https:\/\/plumbingmenorca.com\/es\/localizar-fugas\/pipe-bursting\/\">Explosi\u00f3n de tuber\u00eda<\/a><\/h5>\n\t\t\t\t\t\t<p>un proceso conocido como ruptura de tuber\u00edas sin excavaci\u00f3n y consiste en deslizar las viejas tuber\u00edas de  alcantarilla subterr\u00e1neas<\/p>\n\t\t\t\t\t\t\t\t\t\t\t\t\t<p><a href=\"https:\/\/plumbingmenorca.com\/es\/localizar-fugas\/pipe-bursting\/\" class=\"read-more  read-more--page-box\">Leer m\u00e1s<\/a><\/p>\n\t\t\t\t\t\t\t\t\t\t\t<\/div>\n\t\t\t\t<\/div>\n\n\t\t\t<\/div><\/div><\/div><\/div>","protected":false},"excerpt":{"rendered":"<p>Podemos usar cualquiera de los sistemas detallados para encontrar fugas dependiendo del problema. <\/p>\n","protected":false},"author":1,"featured_media":972,"parent":0,"menu_order":0,"comment_status":"closed","ping_status":"open","template":"","meta":{"footnotes":""},"_links":{"self":[{"href":"https:\/\/plumbingmenorca.com\/es\/wp-json\/wp\/v2\/pages\/881"}],"collection":[{"href":"https:\/\/plumbingmenorca.com\/es\/wp-json\/wp\/v2\/pages"}],"about":[{"href":"https:\/\/plumbingmenorca.com\/es\/wp-json\/wp\/v2\/types\/page"}],"author":[{"embeddable":true,"href":"https:\/\/plumbingmenorca.com\/es\/wp-json\/wp\/v2\/users\/1"}],"replies":[{"embeddable":true,"href":"https:\/\/plumbingmenorca.com\/es\/wp-json\/wp\/v2\/comments?post=881"}],"version-history":[{"count":7,"href":"https:\/\/plumbingmenorca.com\/es\/wp-json\/wp\/v2\/pages\/881\/revisions"}],"predecessor-version":[{"id":1400,"href":"https:\/\/plumbingmenorca.com\/es\/wp-json\/wp\/v2\/pages\/881\/revisions\/1400"}],"wp:featuredmedia":[{"embeddable":true,"href":"https:\/\/plumbingmenorca.com\/es\/wp-json\/wp\/v2\/media\/972"}],"wp:attachment":[{"href":"https:\/\/plumbingmenorca.com\/es\/wp-json\/wp\/v2\/media?parent=881"}],"curies":[{"name":"wp","href":"https:\/\/api.w.org\/{rel}","templated":true}]}}