{"id":877,"date":"2014-10-23T09:15:25","date_gmt":"2014-10-23T09:15:25","guid":{"rendered":"http:\/\/plumbingmenorca.com\/es\/hydrogen-leak-detection\/"},"modified":"2016-09-01T17:19:25","modified_gmt":"2016-09-01T15:19:25","slug":"hydrogen-leak-detection","status":"publish","type":"page","link":"https:\/\/plumbingmenorca.com\/es\/localizar-fugas\/hydrogen-leak-detection\/","title":{"rendered":"Detector de fugas a base de hidrogeno"},"content":{"rendered":"<div id=\"pl-877\"  class=\"panel-layout\" ><div id=\"pg-877-0\"  class=\"panel-grid panel-no-style\" ><div id=\"pgc-877-0-0\"  class=\"panel-grid-cell\" ><div id=\"panel-877-0-0-0\" class=\"so-panel widget widget_black-studio-tinymce widget_black_studio_tinymce panel-first-child panel-last-child\" data-index=\"0\" ><div class=\"textwidget\"><p><img loading=\"lazy\" decoding=\"async\" class=\"size-full wp-image-647 aligncenter\" src=\"http:\/\/plumbingmenorca.com\/wp-content\/uploads\/2014\/10\/hygrogen-detection.jpg\" alt=\"Hydrogen leak detection\" width=\"254\" height=\"226\" \/><\/p>\n<p>\u00a0<\/p>\n<p>\u00a0<\/p>\n<\/div><\/div><\/div><div id=\"pgc-877-0-1\"  class=\"panel-grid-cell\" ><div id=\"panel-877-0-1-0\" class=\"so-panel widget widget_black-studio-tinymce widget_black_studio_tinymce panel-first-child panel-last-child\" data-index=\"1\" ><div class=\"textwidget\"><p><img loading=\"lazy\" decoding=\"async\" class=\"size-full wp-image-648 alignright\" src=\"http:\/\/plumbingmenorca.com\/wp-content\/uploads\/2014\/10\/Hydrogen-leak.jpg\" alt=\"Hydrogen leak detection\" width=\"150\" height=\"109\" \/>Usamos este sistema para localizar fugas de agua y fugas de gas refrigerante.<\/p>\n<p>La mezcla de gas es 95%\u00a0 nitr\u00f3geno y 5% \u00a0hidrogeno.<\/p>\n<p>El hidr\u00f3geno pasa por cualquier material; hormig\u00f3n, baldosas, suelos, a causa de que es la mol\u00e9cula mas peque\u00f1a.<\/p>\n<p>El sistema con la fuga se llena con gas y la fuga se localiza con un ordenador sensible.<\/p>\n<\/div><\/div><\/div><\/div><\/div>","protected":false},"excerpt":{"rendered":"<p>Usamos este sistema para localizar fugas de agua y fugas de gas refrigerante. El sistema con la fuga se llena con gas y la fuga se localiza con un ordenador sensible.<\/p>\n","protected":false},"author":1,"featured_media":647,"parent":881,"menu_order":0,"comment_status":"closed","ping_status":"closed","template":"","meta":{"footnotes":""},"_links":{"self":[{"href":"https:\/\/plumbingmenorca.com\/es\/wp-json\/wp\/v2\/pages\/877"}],"collection":[{"href":"https:\/\/plumbingmenorca.com\/es\/wp-json\/wp\/v2\/pages"}],"about":[{"href":"https:\/\/plumbingmenorca.com\/es\/wp-json\/wp\/v2\/types\/page"}],"author":[{"embeddable":true,"href":"https:\/\/plumbingmenorca.com\/es\/wp-json\/wp\/v2\/users\/1"}],"replies":[{"embeddable":true,"href":"https:\/\/plumbingmenorca.com\/es\/wp-json\/wp\/v2\/comments?post=877"}],"version-history":[{"count":4,"href":"https:\/\/plumbingmenorca.com\/es\/wp-json\/wp\/v2\/pages\/877\/revisions"}],"predecessor-version":[{"id":1391,"href":"https:\/\/plumbingmenorca.com\/es\/wp-json\/wp\/v2\/pages\/877\/revisions\/1391"}],"up":[{"embeddable":true,"href":"https:\/\/plumbingmenorca.com\/es\/wp-json\/wp\/v2\/pages\/881"}],"wp:featuredmedia":[{"embeddable":true,"href":"https:\/\/plumbingmenorca.com\/es\/wp-json\/wp\/v2\/media\/647"}],"wp:attachment":[{"href":"https:\/\/plumbingmenorca.com\/es\/wp-json\/wp\/v2\/media?parent=877"}],"curies":[{"name":"wp","href":"https:\/\/api.w.org\/{rel}","templated":true}]}}