{"id":864,"date":"2014-10-23T09:24:42","date_gmt":"2014-10-23T09:24:42","guid":{"rendered":"http:\/\/plumbingmenorca.com\/es\/camera-tracking\/"},"modified":"2016-07-19T21:07:20","modified_gmt":"2016-07-19T19:07:20","slug":"camera-tracking","status":"publish","type":"page","link":"https:\/\/plumbingmenorca.com\/es\/localizar-fugas\/camera-tracking\/","title":{"rendered":"C\u00e1mara con sistema localizador"},"content":{"rendered":"<div id=\"pl-864\"  class=\"panel-layout\" ><div id=\"pg-864-0\"  class=\"panel-grid panel-no-style\" ><div id=\"pgc-864-0-0\"  class=\"panel-grid-cell\" ><div id=\"panel-864-0-0-0\" class=\"so-panel widget widget_black-studio-tinymce widget_black_studio_tinymce panel-first-child panel-last-child\" data-index=\"0\" ><h3 class=\"widget-title\">Localiza problemas en sus tuber\u00edas de desag\u00fce y alcantarillado<\/h3><div class=\"textwidget\"><p class=\"p1\"><span class=\"s1\">Se utiliza principalmente en desag\u00fce y tuber\u00edas de agua de 20mm a 350mm.<\/span><\/p>\n<p class=\"p1\"><span class=\"s1\">La c\u00e1mara<span class=\"Apple-converted-space\">\u00a0 <\/span>inspecciona y<span class=\"Apple-converted-space\">\u00a0 <\/span>localiza fugas con exactitud.<\/span><\/p>\n<p class=\"p1\"><span class=\"s1\">Esto significa que podemos ir directamente al problema sin tener que abrir varias zonas. <\/span><\/p>\n<p class=\"p1\"><span class=\"s1\">Nuestro sistema de c\u00e1mara es port\u00e1til y vers\u00e1til, para facilitar una inspecci\u00f3n eficiente de los desag\u00fces.\u00a0<\/span><\/p>\n<p class=\"p1\"><span class=\"s1\">Utilizamos un cable de empuje especialmente dise\u00f1ado para una mayor resistencia a la abrasi\u00f3n y la capacidad de empuje m\u00e1s eficiente por lo que podemos llegar m\u00e1s lejos.<\/span><\/p>\n<p class=\"p1\"><span class=\"s1\">Grabamos v\u00eddeo para mostrarle donde se encuentra el problema.<\/span><\/p>\n<p class=\"p1\"><span class=\"s1\">Eche un vistazo a este v\u00eddeo de nuestra c\u00e1mara.<\/span><\/p>\n<p> <iframe loading=\"lazy\" src=\"https:\/\/www.youtube.com\/embed\/3-BFY3GsWwM\" width=\"420\" height=\"315\" frameborder=\"0\" allowfullscreen=\"allowfullscreen\"><\/iframe><\/p>\n<\/div><\/div><\/div><div id=\"pgc-864-0-1\"  class=\"panel-grid-cell\" ><div id=\"panel-864-0-1-0\" class=\"so-panel widget widget_black-studio-tinymce widget_black_studio_tinymce panel-first-child panel-last-child\" data-index=\"1\" ><div class=\"textwidget\"><p><img loading=\"lazy\" decoding=\"async\" class=\"alignnone wp-image-547\" src=\"http:\/\/plumbingmenorca.com\/wp-content\/uploads\/2014\/10\/camera.png\" alt=\"camera\" width=\"248\" height=\"181\" \/><\/p>\n<p class=\"alignnone\"><img loading=\"lazy\" decoding=\"async\" class=\"wp-image-548 size-full alignleft\" src=\"http:\/\/plumbingmenorca.com\/wp-content\/uploads\/2014\/10\/view.png\" alt=\"view\" width=\"248\" height=\"177\" \/><\/p>\n<p>\u00a0<\/p>\n<\/div><\/div><\/div><\/div><\/div>","protected":false},"excerpt":{"rendered":"<p>This is used mainly in drainage and large water pipes from 20mm to 350mm. The camera will visually inspect and quickly locate leaks and other issues and to an exact location.<\/p>\n","protected":false},"author":1,"featured_media":944,"parent":881,"menu_order":0,"comment_status":"closed","ping_status":"open","template":"","meta":{"footnotes":""},"_links":{"self":[{"href":"https:\/\/plumbingmenorca.com\/es\/wp-json\/wp\/v2\/pages\/864"}],"collection":[{"href":"https:\/\/plumbingmenorca.com\/es\/wp-json\/wp\/v2\/pages"}],"about":[{"href":"https:\/\/plumbingmenorca.com\/es\/wp-json\/wp\/v2\/types\/page"}],"author":[{"embeddable":true,"href":"https:\/\/plumbingmenorca.com\/es\/wp-json\/wp\/v2\/users\/1"}],"replies":[{"embeddable":true,"href":"https:\/\/plumbingmenorca.com\/es\/wp-json\/wp\/v2\/comments?post=864"}],"version-history":[{"count":5,"href":"https:\/\/plumbingmenorca.com\/es\/wp-json\/wp\/v2\/pages\/864\/revisions"}],"predecessor-version":[{"id":1347,"href":"https:\/\/plumbingmenorca.com\/es\/wp-json\/wp\/v2\/pages\/864\/revisions\/1347"}],"up":[{"embeddable":true,"href":"https:\/\/plumbingmenorca.com\/es\/wp-json\/wp\/v2\/pages\/881"}],"wp:featuredmedia":[{"embeddable":true,"href":"https:\/\/plumbingmenorca.com\/es\/wp-json\/wp\/v2\/media\/944"}],"wp:attachment":[{"href":"https:\/\/plumbingmenorca.com\/es\/wp-json\/wp\/v2\/media?parent=864"}],"curies":[{"name":"wp","href":"https:\/\/api.w.org\/{rel}","templated":true}]}}