{"id":832,"date":"2014-10-24T11:30:58","date_gmt":"2014-10-24T11:30:58","guid":{"rendered":"http:\/\/plumbingmenorca.com\/es\/about-us\/"},"modified":"2016-07-11T17:00:44","modified_gmt":"2016-07-11T15:00:44","slug":"quienes-somos","status":"publish","type":"page","link":"https:\/\/plumbingmenorca.com\/es\/quienes-somos\/","title":{"rendered":"Qui\u00e9nes Somos"},"content":{"rendered":"<div id=\"pl-832\"  class=\"panel-layout\" ><div id=\"pg-832-0\"  class=\"panel-grid panel-no-style\" ><div id=\"pgc-832-0-0\"  class=\"panel-grid-cell\" ><div id=\"panel-832-0-0-0\" class=\"so-panel widget widget_black-studio-tinymce widget_black_studio_tinymce panel-first-child panel-last-child\" data-index=\"0\" ><h3 class=\"widget-title\">DIGITAL INVESTIGATION SERVICES<\/h3><div class=\"textwidget\"><p>Una actitud totalmente flexible para negocio nos\u00a0permite gestionar una amplia gama de proyectos, as\u00ed como el trabajar con \u00e9xito junto a clientes, arquitectos, contratistas de la construcci\u00f3n y equipos de gesti\u00f3n de proyectos.<\/p>\n<p>Destacamos en \u00a0la individualidad completa de los clientes como resultado de la interpretaci\u00f3n de sus objetivos.<\/p>\n<\/div><\/div><\/div><div id=\"pgc-832-0-1\"  class=\"panel-grid-cell\" ><div id=\"panel-832-0-1-0\" class=\"so-panel widget widget_black-studio-tinymce widget_black_studio_tinymce panel-first-child panel-last-child\" data-index=\"1\" ><div class=\"textwidget\"><p><figure id=\"attachment_1264\" aria-describedby=\"caption-attachment-1264\" style=\"width: 800px\" class=\"wp-caption aligncenter\"><img loading=\"lazy\" decoding=\"async\" class=\"size-full wp-image-1264\" src=\"http:\/\/plumbingmenorca.com\/wp-content\/uploads\/2014\/10\/dis-fleet.jpg\" alt=\"Digital Investigation Services Fleet\" width=\"800\" height=\"400\" srcset=\"https:\/\/plumbingmenorca.com\/wp-content\/uploads\/2014\/10\/dis-fleet.jpg 800w, https:\/\/plumbingmenorca.com\/wp-content\/uploads\/2014\/10\/dis-fleet-300x150.jpg 300w, https:\/\/plumbingmenorca.com\/wp-content\/uploads\/2014\/10\/dis-fleet-768x384.jpg 768w, https:\/\/plumbingmenorca.com\/wp-content\/uploads\/2014\/10\/dis-fleet-555x278.jpg 555w\" sizes=\"(max-width: 800px) 100vw, 800px\" \/><figcaption id=\"caption-attachment-1264\" class=\"wp-caption-text\">Digital Investigation Services<\/figcaption><\/figure><\/p>\n<\/div><\/div><\/div><\/div><div id=\"pg-832-1\"  class=\"panel-grid panel-no-style\" ><div id=\"pgc-832-1-0\"  class=\"panel-grid-cell\" ><div id=\"panel-832-1-0-0\" class=\"so-panel widget widget_black-studio-tinymce widget_black_studio_tinymce panel-first-child panel-last-child\" data-index=\"2\" ><div class=\"textwidget\"><p><img loading=\"lazy\" decoding=\"async\" class=\"aligncenter size-full wp-image-1115\" src=\"http:\/\/plumbingmenorca.com\/wp-content\/uploads\/2016\/05\/pool-cover-1.jpg\" alt=\"Swimming pool cover, Menorca\" width=\"600\" height=\"400\" srcset=\"https:\/\/plumbingmenorca.com\/wp-content\/uploads\/2016\/05\/pool-cover-1.jpg 600w, https:\/\/plumbingmenorca.com\/wp-content\/uploads\/2016\/05\/pool-cover-1-300x200.jpg 300w, https:\/\/plumbingmenorca.com\/wp-content\/uploads\/2016\/05\/pool-cover-1-360x240.jpg 360w, https:\/\/plumbingmenorca.com\/wp-content\/uploads\/2016\/05\/pool-cover-1-555x370.jpg 555w, https:\/\/plumbingmenorca.com\/wp-content\/uploads\/2016\/05\/pool-cover-1-272x182.jpg 272w\" sizes=\"(max-width: 600px) 100vw, 600px\" \/><\/p>\n<\/div><\/div><\/div><div id=\"pgc-832-1-1\"  class=\"panel-grid-cell\" ><div id=\"panel-832-1-1-0\" class=\"so-panel widget widget_black-studio-tinymce widget_black_studio_tinymce panel-first-child panel-last-child\" data-index=\"3\" ><h3 class=\"widget-title\">COMPROMISO<\/h3><div class=\"textwidget\"><p>Nos esforzamos por construir buenas relaciones con los clientes, para asegurar que se completan los proyectos con una interrupci\u00f3n m\u00ednima y a la total satisfacci\u00f3n de los clientes.<\/p>\n<p>Puede estar\u00a0 seguro de que somos profesionales cualificados. No s\u00f3lo contamos con todo los certificados \u00a0(v\u00e9ase abajo) tambi\u00e9n tenemos conocimientos y experiencia adquirida a trav\u00e9s de la investigaci\u00f3n:<\/p>\n<ul>\n<li>Aire agua y tierra souce bombas de calor<\/li>\n<li>circuitos de calefacci\u00f3n mediante paneles solares<\/li>\n<li>tratamiento de agua<\/li>\n<li>investigaci\u00f3n de desag\u00fce y ubicaci\u00f3n a trav\u00e9s de la c\u00e1mara especializada<\/li>\n<li>localizaci\u00f3n de fugas de agua a trav\u00e9s de equipo especializado.<\/li>\n<\/ul>\n<\/div><\/div><\/div><\/div><div id=\"pg-832-2\"  class=\"panel-grid panel-no-style\" ><div id=\"pgc-832-2-0\"  class=\"panel-grid-cell\" ><div id=\"panel-832-2-0-0\" class=\"so-panel widget widget_black-studio-tinymce widget_black_studio_tinymce panel-first-child panel-last-child\" data-index=\"4\" ><h3 class=\"widget-title\"> CALIFICACIONES y INSCRIPCIONES<\/h3><div class=\"textwidget\"><h3 class=\"alternative-heading\">Inscripciones espa\u00f1olas:<\/h3>\n<p>\u00a0Agua Potable - Registro espa\u00f1ol N\u00ba R.I.: 41017 Sistema frigor\u00edfico (3kg) - Registro espa\u00f1ol no 41742135B Conforme al RD 79512010<\/p>\n<p>Instalador frigor\u00edfico - Registro Espa\u00f1ol no 41742135B Reial Decret 13812011<\/p>\n<p>Instalaciones \u00a0t\u00e9rmicas y mantenimiento - Registro Espa\u00f1ol no 41742135B<\/p>\n<p>\u00a0<\/p>\n<h3 class=\"alternative-heading\">Cualificaci\u00f3n Ingl\u00e9s:<\/h3>\n<p>Ciudad y gremios<\/p>\n<p>Fontaner\u00eda, calefacci\u00f3n y servicios mec\u00e1nicos;<\/p>\n<p>Mantenimiento, detecci\u00f3n de fallos y instalaci\u00f3n de calderas de gas y petr\u00f3leo .<\/p>\n<p>\u00a0<\/p>\n<p>Seguridad del gas (ACOPS)<\/p>\n<p>Gas Natural 1-5<\/p>\n<p>16LPG\u2013 butano<\/p>\n<p>\u00a0<\/p>\n<p>HNC<\/p>\n<p>Topograf\u00eda del sitio<\/p>\n<p>\u00a0Administraci\u00f3n de contratos<\/p>\n<p>Ciencia medioambiental<\/p>\n<p>Servicios de ingenier\u00eda (mec\u00e1nico)<\/p>\n<\/div><\/div><\/div><\/div><\/div>","protected":false},"excerpt":{"rendered":"<p>Una actitud totalmente flexible para negocio nos\u00a0permite gestionar una amplia gama de proyectos, as\u00ed como el trabajar con \u00e9xito junto a clientes, arquitectos, contratistas de la construcci\u00f3n y equipos de gesti\u00f3n de proyectos.Destacamos en \u00a0la individualidad completa de los clientes como resultado de la interpretaci\u00f3n de sus objetivos. Nos esforzamos por construir buenas relaciones con &hellip;<\/p>\n","protected":false},"author":1,"featured_media":0,"parent":0,"menu_order":0,"comment_status":"closed","ping_status":"closed","template":"","meta":{"footnotes":""},"_links":{"self":[{"href":"https:\/\/plumbingmenorca.com\/es\/wp-json\/wp\/v2\/pages\/832"}],"collection":[{"href":"https:\/\/plumbingmenorca.com\/es\/wp-json\/wp\/v2\/pages"}],"about":[{"href":"https:\/\/plumbingmenorca.com\/es\/wp-json\/wp\/v2\/types\/page"}],"author":[{"embeddable":true,"href":"https:\/\/plumbingmenorca.com\/es\/wp-json\/wp\/v2\/users\/1"}],"replies":[{"embeddable":true,"href":"https:\/\/plumbingmenorca.com\/es\/wp-json\/wp\/v2\/comments?post=832"}],"version-history":[{"count":7,"href":"https:\/\/plumbingmenorca.com\/es\/wp-json\/wp\/v2\/pages\/832\/revisions"}],"predecessor-version":[{"id":1319,"href":"https:\/\/plumbingmenorca.com\/es\/wp-json\/wp\/v2\/pages\/832\/revisions\/1319"}],"wp:attachment":[{"href":"https:\/\/plumbingmenorca.com\/es\/wp-json\/wp\/v2\/media?parent=832"}],"curies":[{"name":"wp","href":"https:\/\/api.w.org\/{rel}","templated":true}]}}