{"id":817,"date":"2016-02-15T08:28:54","date_gmt":"2016-02-15T08:28:54","guid":{"rendered":"http:\/\/plumbingmenorca.com\/es\/air-conditioning\/"},"modified":"2016-07-24T15:53:04","modified_gmt":"2016-07-24T13:53:04","slug":"aire-acondicionado","status":"publish","type":"page","link":"https:\/\/plumbingmenorca.com\/es\/instalaciones\/aire-acondicionado\/","title":{"rendered":"Aire acondicionado"},"content":{"rendered":"<div id=\"pl-817\"  class=\"panel-layout\" ><div id=\"pg-817-0\"  class=\"panel-grid panel-no-style\" ><div id=\"pgc-817-0-0\"  class=\"panel-grid-cell\" ><div id=\"panel-817-0-0-0\" class=\"so-panel widget widget_black-studio-tinymce widget_black_studio_tinymce panel-first-child panel-last-child\" data-index=\"0\" ><div class=\"textwidget\"><p>El aire acondicionado es un hecho de la vida en Menorca. \u00a1Mientras que todos podemos disfrutar del calor del sol, cuando las temperaturas del verano se disparan los 30<sup>o<\/sup>C, a veces el \u00fanico alivio es un par de horas en una habitaci\u00f3n fresca!<\/p>\n<p>Desde una simple unidad \u00fanica hasta m\u00faltiples divisiones y combinados, con las unidades montadas en la pared convencional o casetes de techo, incluso sistemas de conductos para el suministro de toda la villa con el aire fresco maravilloso en el verano o el calor en el invierno, tenemos la soluci\u00f3n. Adem\u00e1s, \u00a0las instalaciones regulan el grado de humedad y se filtran el polvo y el polen.<\/p>\n<p style=\"text-align: left;\">Vamos a evaluar las necesidades t\u00e9rmicas y de refrigeraci\u00f3n y ofrecerle una soluci\u00f3n que le permite lograr la temperatura ambiental deseada<\/p>\n<p style=\"text-align: left;\">\u00a0<\/p>\n<\/div><\/div><\/div><div id=\"pgc-817-0-1\"  class=\"panel-grid-cell\" ><div id=\"panel-817-0-1-0\" class=\"so-panel widget widget_black-studio-tinymce widget_black_studio_tinymce panel-first-child panel-last-child\" data-index=\"1\" ><div class=\"textwidget\"><p style=\"text-align: center;\"><img loading=\"lazy\" decoding=\"async\" class=\"size-medium wp-image-800 aligncenter\" src=\"http:\/\/plumbingmenorca.com\/wp-content\/uploads\/2016\/02\/air-conditioning-housing-300x200.jpg\" alt=\"air conditioning installation\" width=\"300\" height=\"200\" srcset=\"https:\/\/plumbingmenorca.com\/wp-content\/uploads\/2016\/02\/air-conditioning-housing-300x200.jpg 300w, https:\/\/plumbingmenorca.com\/wp-content\/uploads\/2016\/02\/air-conditioning-housing-768x512.jpg 768w, https:\/\/plumbingmenorca.com\/wp-content\/uploads\/2016\/02\/air-conditioning-housing-360x240.jpg 360w, https:\/\/plumbingmenorca.com\/wp-content\/uploads\/2016\/02\/air-conditioning-housing-555x370.jpg 555w, https:\/\/plumbingmenorca.com\/wp-content\/uploads\/2016\/02\/air-conditioning-housing.jpg 900w\" sizes=\"(max-width: 300px) 100vw, 300px\" \/><br \/> Tambi\u00e9n podemos construir casitas para proteger su sistema contra el ambiente para prolongar su vida<\/p>\n<\/div><\/div><\/div><\/div><div id=\"pg-817-1\"  class=\"panel-grid panel-no-style\" ><div id=\"pgc-817-1-0\"  class=\"panel-grid-cell\" ><div id=\"panel-817-1-0-0\" class=\"so-panel widget widget_black-studio-tinymce widget_black_studio_tinymce panel-first-child panel-last-child\" data-index=\"2\" ><div class=\"textwidget\"><p style=\"text-align: center;\"><img loading=\"lazy\" decoding=\"async\" class=\"alignnone size-medium wp-image-801 aligncenter\" src=\"http:\/\/plumbingmenorca.com\/wp-content\/uploads\/2016\/02\/mitsubishi-300x107.jpg\" alt=\"Installacion de aire condicionado\" width=\"300\" height=\"107\" srcset=\"https:\/\/plumbingmenorca.com\/wp-content\/uploads\/2016\/02\/mitsubishi-300x107.jpg 300w, https:\/\/plumbingmenorca.com\/wp-content\/uploads\/2016\/02\/mitsubishi-555x197.jpg 555w, https:\/\/plumbingmenorca.com\/wp-content\/uploads\/2016\/02\/mitsubishi.jpg 624w\" sizes=\"(max-width: 300px) 100vw, 300px\" \/><br \/> Unidades montadas de pared<\/p>\n<\/div><\/div><\/div><div id=\"pgc-817-1-1\"  class=\"panel-grid-cell\" ><div id=\"panel-817-1-1-0\" class=\"so-panel widget widget_black-studio-tinymce widget_black_studio_tinymce panel-first-child panel-last-child\" data-index=\"3\" ><div class=\"textwidget\"><p><img loading=\"lazy\" decoding=\"async\" class=\"size-medium wp-image-802 aligncenter\" src=\"http:\/\/plumbingmenorca.com\/wp-content\/uploads\/2016\/02\/mitsubishi-2-300x107.jpg\" alt=\"Ceiling Cassette air conditioning units\" width=\"300\" height=\"107\" srcset=\"https:\/\/plumbingmenorca.com\/wp-content\/uploads\/2016\/02\/mitsubishi-2-300x107.jpg 300w, https:\/\/plumbingmenorca.com\/wp-content\/uploads\/2016\/02\/mitsubishi-2-555x197.jpg 555w, https:\/\/plumbingmenorca.com\/wp-content\/uploads\/2016\/02\/mitsubishi-2.jpg 624w\" sizes=\"(max-width: 300px) 100vw, 300px\" \/><\/p>\n<p style=\"text-align: center;\">Las unidades montadas en el techo<\/p>\n<\/div><\/div><\/div><\/div><\/div>","protected":false},"excerpt":{"rendered":"<p>El aire acondicionado es un hecho de la vida en Menorca. \u00a1Mientras que todos podemos disfrutar del calor del sol, cuando las temperaturas del verano se disparan los 30 grados cent\u00edgrados, a veces el \u00fanico alivio es un par de horas en una habitaci\u00f3n fresca!<\/p>\n","protected":false},"author":1,"featured_media":800,"parent":896,"menu_order":0,"comment_status":"closed","ping_status":"closed","template":"","meta":{"footnotes":""},"_links":{"self":[{"href":"https:\/\/plumbingmenorca.com\/es\/wp-json\/wp\/v2\/pages\/817"}],"collection":[{"href":"https:\/\/plumbingmenorca.com\/es\/wp-json\/wp\/v2\/pages"}],"about":[{"href":"https:\/\/plumbingmenorca.com\/es\/wp-json\/wp\/v2\/types\/page"}],"author":[{"embeddable":true,"href":"https:\/\/plumbingmenorca.com\/es\/wp-json\/wp\/v2\/users\/1"}],"replies":[{"embeddable":true,"href":"https:\/\/plumbingmenorca.com\/es\/wp-json\/wp\/v2\/comments?post=817"}],"version-history":[{"count":8,"href":"https:\/\/plumbingmenorca.com\/es\/wp-json\/wp\/v2\/pages\/817\/revisions"}],"predecessor-version":[{"id":1377,"href":"https:\/\/plumbingmenorca.com\/es\/wp-json\/wp\/v2\/pages\/817\/revisions\/1377"}],"up":[{"embeddable":true,"href":"https:\/\/plumbingmenorca.com\/es\/wp-json\/wp\/v2\/pages\/896"}],"wp:featuredmedia":[{"embeddable":true,"href":"https:\/\/plumbingmenorca.com\/es\/wp-json\/wp\/v2\/media\/800"}],"wp:attachment":[{"href":"https:\/\/plumbingmenorca.com\/es\/wp-json\/wp\/v2\/media?parent=817"}],"curies":[{"name":"wp","href":"https:\/\/api.w.org\/{rel}","templated":true}]}}