{"id":788,"date":"2014-10-23T09:16:12","date_gmt":"2014-10-23T09:16:12","guid":{"rendered":"http:\/\/plumbingmenorca.com\/es\/acoustic-leak-detection\/"},"modified":"2016-09-01T17:22:38","modified_gmt":"2016-09-01T15:22:38","slug":"localizacion-acustica-de-fugas","status":"publish","type":"page","link":"https:\/\/plumbingmenorca.com\/es\/localizar-fugas\/localizacion-acustica-de-fugas\/","title":{"rendered":"Localizaci\u00f3n ac\u00fastica de fugas"},"content":{"rendered":"<div id=\"pl-788\"  class=\"panel-layout\" ><div id=\"pg-788-0\"  class=\"panel-grid panel-no-style\" ><div id=\"pgc-788-0-0\"  class=\"panel-grid-cell\" ><div id=\"panel-788-0-0-0\" class=\"so-panel widget widget_black-studio-tinymce widget_black_studio_tinymce panel-first-child panel-last-child\" data-index=\"0\" ><div class=\"textwidget\"><h2 class=\"bodytext\">Localizaci\u00f3n electroac\u00fastica de fugas de agua o de gas<\/h2>\n<p>Utilizamos un sistema de \u00faltima generaci\u00f3n <\/span>para todas las fases de la detecci\u00f3n de fugas, tanto para la prelocalizaci\u00f3n, as\u00ed como para la localizaci\u00f3n certera del punto exacto de fuga. De este modo, podr\u00e1 enfrentarse a cualquier reto relacionado con la localizaci\u00f3n de fugas y podr\u00e1 detectarlas de forma segura y fiable.<\/p>\n<p>Esto significa que s\u00f3lo la zona m\u00ednima del suelo o del jard\u00edn ha de ser desenterrado para reparar la fuga .<\/p>\n<p class=\"bodytext\">El agua que sale por la fuga provoca vibraciones en el material de la tuber\u00eda. Dichas vibraciones se transfieren a la red y pueden registrarse como sonido estructural incluso en puntos alejados, como son los accesorios: medidores, v\u00e1lvulas, hidrantes, etc. Las vibraciones tambi\u00e9n se transfieren hasta la superficie a trav\u00e9s del suelo, si bien de forma fuertemente atenuada.\u00a0Nuestro sistema convierte las vibraciones en sonidos audibles para el o\u00eddo humano<\/p>\n<h2>Localizaci\u00f3n ac\u00fastica de tuber\u00edas de material pl\u00e1stico<\/h2>\n<p>Si necesita conocer la rumba de las tuber\u00edas de pl\u00e1stico debajo del suelo o jard\u00edn, nuestro equipo sofisticado puede rastrear con precisi\u00f3n su camino a trav\u00e9s de su propiedad.<\/p>\n<p>Las tuber\u00edas de material pl\u00e1stico no se pueden localizar aplicando el m\u00e9todo electromagn\u00e9tico tradicional, ya que no son conductoras de electricidad. El m\u00e9todo ac\u00fastico aplica otro principio en la localizaci\u00f3n de redes: los tubos transmiten vibraciones mec\u00e1nicas mejor que el terreno circundante. Si se aplican al tubo las vibraciones adecuadas, \u00e9stas se propagan a lo largo del mismo y, posteriormente, llegan a la superficie. All\u00ed pueden ser detectadas con un micr\u00f3fono de suelo. Al igual que en la localizaci\u00f3n ac\u00fastica de fugas de agua, la tuber\u00eda se encuentra, por lo general, all\u00ed donde se obtiene la m\u00e1xima intensidad de sonido. En principio, con este m\u00e9todo, pueden localizarse tambi\u00e9n tubos met\u00e1licos y de fibrocemento.<\/p>\n<\/div><\/div><\/div><div id=\"pgc-788-0-1\"  class=\"panel-grid-cell\" ><div id=\"panel-788-0-1-0\" class=\"so-panel widget widget_black-studio-tinymce widget_black_studio_tinymce panel-first-child panel-last-child\" data-index=\"1\" ><div class=\"textwidget\"><p><figure id=\"attachment_655\" aria-describedby=\"caption-attachment-655\" style=\"width: 300px\" class=\"wp-caption aligncenter\"><img loading=\"lazy\" decoding=\"async\" class=\"size-medium wp-image-655\" src=\"http:\/\/plumbingmenorca.com\/wp-content\/uploads\/2014\/10\/acoustic-300x300.jpg\" alt=\"Acoustic Leak detection\" width=\"300\" height=\"300\" srcset=\"https:\/\/plumbingmenorca.com\/wp-content\/uploads\/2014\/10\/acoustic-300x300.jpg 300w, https:\/\/plumbingmenorca.com\/wp-content\/uploads\/2014\/10\/acoustic-150x150.jpg 150w, https:\/\/plumbingmenorca.com\/wp-content\/uploads\/2014\/10\/acoustic-768x768.jpg 768w, https:\/\/plumbingmenorca.com\/wp-content\/uploads\/2014\/10\/acoustic-555x555.jpg 555w, https:\/\/plumbingmenorca.com\/wp-content\/uploads\/2014\/10\/acoustic.jpg 800w\" sizes=\"(max-width: 300px) 100vw, 300px\" \/><figcaption id=\"caption-attachment-655\" class=\"wp-caption-text\">Vibraciones s\u00f3nicas provocadas por fugas pueden ser detectadas por nuestro equipos<\/figcaption><\/figure><\/p>\n<\/div><\/div><\/div><\/div><\/div>","protected":false},"excerpt":{"rendered":"<p>Localizaci\u00f3n electroac\u00fastica de fugas de agua o de gas en Menorca. Utilizamos un sistema de \u00faltima generaci\u00f3n para todas las fases de la detecci\u00f3n de fugas.<\/p>\n","protected":false},"author":1,"featured_media":974,"parent":881,"menu_order":0,"comment_status":"closed","ping_status":"open","template":"","meta":{"footnotes":""},"_links":{"self":[{"href":"https:\/\/plumbingmenorca.com\/es\/wp-json\/wp\/v2\/pages\/788"}],"collection":[{"href":"https:\/\/plumbingmenorca.com\/es\/wp-json\/wp\/v2\/pages"}],"about":[{"href":"https:\/\/plumbingmenorca.com\/es\/wp-json\/wp\/v2\/types\/page"}],"author":[{"embeddable":true,"href":"https:\/\/plumbingmenorca.com\/es\/wp-json\/wp\/v2\/users\/1"}],"replies":[{"embeddable":true,"href":"https:\/\/plumbingmenorca.com\/es\/wp-json\/wp\/v2\/comments?post=788"}],"version-history":[{"count":10,"href":"https:\/\/plumbingmenorca.com\/es\/wp-json\/wp\/v2\/pages\/788\/revisions"}],"predecessor-version":[{"id":1393,"href":"https:\/\/plumbingmenorca.com\/es\/wp-json\/wp\/v2\/pages\/788\/revisions\/1393"}],"up":[{"embeddable":true,"href":"https:\/\/plumbingmenorca.com\/es\/wp-json\/wp\/v2\/pages\/881"}],"wp:featuredmedia":[{"embeddable":true,"href":"https:\/\/plumbingmenorca.com\/es\/wp-json\/wp\/v2\/media\/974"}],"wp:attachment":[{"href":"https:\/\/plumbingmenorca.com\/es\/wp-json\/wp\/v2\/media?parent=788"}],"curies":[{"name":"wp","href":"https:\/\/api.w.org\/{rel}","templated":true}]}}