{"id":763,"date":"2014-10-15T12:59:47","date_gmt":"2014-10-15T12:59:47","guid":{"rendered":"http:\/\/plumbingmenorca.com\/front-page\/?lang=es"},"modified":"2016-09-01T17:44:35","modified_gmt":"2016-09-01T15:44:35","slug":"front-page","status":"publish","type":"page","link":"https:\/\/plumbingmenorca.com\/es\/","title":{"rendered":"Inicio"},"content":{"rendered":"<div id=\"pl-763\"  class=\"panel-layout\" ><div id=\"pg-763-0\"  class=\"panel-grid panel-has-style\" ><div class=\"siteorigin-panels-stretch panel-row-style panel-row-style-for-763-0\" data-stretch-type=\"full\" ><div id=\"pgc-763-0-0\"  class=\"panel-grid-cell\" ><div id=\"panel-763-0-0-0\" class=\"so-panel widget widget_pt_banner widget-banner panel-first-child panel-last-child\" data-index=\"0\" >\t\t\t\t<div class=\"banner__text\">\n\t\t\t\t\t\u00bfQuieres un servicio profesional de alta calidad?\t\t\t\t<\/div>\n\t\t\t\t<div class=\"banner__buttons\">\n\t\t\t\t\t<a class=\"btn  btn-primary\" href=\"contacto\" target=\"_self\">SOLICITE UN PRESUPUESTO<\/a> \u00a0 <a class=\"btn  btn-default\" href=\"proyectos\" target=\"_self\">COMPRUEBE NUESTROS PROYECTOS<\/a>\t\t\t\t<\/div>\n\t\t\t<\/div><\/div><\/div><\/div><div id=\"pg-763-1\"  class=\"panel-grid panel-no-style\" ><div id=\"pgc-763-1-0\"  class=\"panel-grid-cell\" ><div id=\"panel-763-1-0-0\" class=\"so-panel widget widget_pt_featured_page widget-featured-page panel-first-child panel-last-child\" data-index=\"1\" >\t\t\t\t<div class=\"page-box page-box--block post-763 page type-page status-publish has-post-thumbnail hentry\">\n\t\t\t\t\t\t\t\t\t<a class=\"page-box__picture\" href=\"https:\/\/plumbingmenorca.com\/es\/localizar-fugas\/\"><img loading=\"lazy\" decoding=\"async\" src=\"https:\/\/plumbingmenorca.com\/wp-content\/uploads\/2014\/10\/leak-detection-camera.jpg\" width=\"300\" height=\"200\" srcset=\"https:\/\/plumbingmenorca.com\/wp-content\/uploads\/2014\/10\/leak-detection-camera.jpg 300w, https:\/\/plumbingmenorca.com\/wp-content\/uploads\/2014\/10\/leak-detection-camera.jpg 300w\" sizes=\"(min-width: 992px) 360px, calc(100vw - 30px)\" class=\"wp-post-image\" alt=\"Localizar Fugas\"><\/a>\n\t\t\t\t\t\t\t\t\t<div class=\"page-box__content\">\n\t\t\t\t\t\t<h5 class=\"page-box__title  text-uppercase\"><a href=\"https:\/\/plumbingmenorca.com\/es\/localizar-fugas\/\">Localizar Fugas<\/a><\/h5>\n\t\t\t\t\t\t<p>Podemos usar cualquiera de los sistemas detallados para encontrar fugas dependiendo del problema. <\/p>\n\t\t\t\t\t\t\t\t\t\t\t\t\t<p><a href=\"https:\/\/plumbingmenorca.com\/es\/localizar-fugas\/\" class=\"read-more  read-more--page-box\">Leer m\u00e1s<\/a><\/p>\n\t\t\t\t\t\t\t\t\t\t\t<\/div>\n\t\t\t\t<\/div>\n\n\t\t\t<\/div><\/div><div id=\"pgc-763-1-1\"  class=\"panel-grid-cell\" ><div id=\"panel-763-1-1-0\" class=\"so-panel widget widget_pt_featured_page widget-featured-page panel-first-child panel-last-child\" data-index=\"2\" >\t\t\t\t<div class=\"page-box page-box--block post-763 page type-page status-publish has-post-thumbnail hentry\">\n\t\t\t\t\t\t\t\t\t<a class=\"page-box__picture\" href=\"https:\/\/plumbingmenorca.com\/es\/instalaciones\/\"><img loading=\"lazy\" decoding=\"async\" src=\"https:\/\/plumbingmenorca.com\/wp-content\/uploads\/2016\/02\/central-heating-1-360x240.jpg\" width=\"360\" height=\"240\" srcset=\"https:\/\/plumbingmenorca.com\/wp-content\/uploads\/2016\/02\/central-heating-1-360x240.jpg 360w, https:\/\/plumbingmenorca.com\/wp-content\/uploads\/2016\/02\/central-heating-1.jpg 480w\" sizes=\"(min-width: 992px) 360px, calc(100vw - 30px)\" class=\"wp-post-image\" alt=\"Instalaciones\"><\/a>\n\t\t\t\t\t\t\t\t\t<div class=\"page-box__content\">\n\t\t\t\t\t\t<h5 class=\"page-box__title  text-uppercase\"><a href=\"https:\/\/plumbingmenorca.com\/es\/instalaciones\/\">Instalaciones<\/a><\/h5>\n\t\t\t\t\t\t<p>Podemos instalar casi cualquier cosa desde aire acondicionado hasta las energias renovables<\/p>\n\t\t\t\t\t\t\t\t\t\t\t\t\t<p><a href=\"https:\/\/plumbingmenorca.com\/es\/instalaciones\/\" class=\"read-more  read-more--page-box\">Leer m\u00e1s<\/a><\/p>\n\t\t\t\t\t\t\t\t\t\t\t<\/div>\n\t\t\t\t<\/div>\n\n\t\t\t<\/div><\/div><div id=\"pgc-763-1-2\"  class=\"panel-grid-cell\" ><div id=\"panel-763-1-2-0\" class=\"so-panel widget widget_pt_featured_page widget-featured-page panel-first-child\" data-index=\"3\" >\t\t\t\t<div class=\"page-box page-box--inline post-763 page type-page status-publish has-post-thumbnail hentry\">\n\t\t\t\t\t\t\t\t\t<a class=\"page-box__picture\" href=\"https:\/\/plumbingmenorca.com\/es\/instalaciones\/aire-acondicionado\/\"><img loading=\"lazy\" decoding=\"async\" width=\"100\" height=\"75\" src=\"https:\/\/plumbingmenorca.com\/wp-content\/uploads\/2016\/02\/air-conditioning-housing-100x75.jpg\" class=\"attachment-100x75-crop size-100x75-crop wp-post-image\" alt=\"air conditioning installation\" \/><\/a>\n\t\t\t\t\t\t\t\t\t<div class=\"page-box__content\">\n\t\t\t\t\t\t<h5 class=\"page-box__title  text-uppercase\"><a href=\"https:\/\/plumbingmenorca.com\/es\/instalaciones\/aire-acondicionado\/\">Aire acondicionado<\/a><\/h5>\n\t\t\t\t\t\t<p>El aire acondicionado es un hecho de la vida en Menorca. \u00a1Mientras &hellip;<\/p>\n\t\t\t\t\t\t\t\t\t\t\t<\/div>\n\t\t\t\t<\/div>\n\n\t\t\t<\/div><div id=\"panel-763-1-2-1\" class=\"so-panel widget widget_pt_featured_page widget-featured-page\" data-index=\"4\" >\t\t\t\t<div class=\"page-box page-box--inline post-763 page type-page status-publish has-post-thumbnail hentry\">\n\t\t\t\t\t\t\t\t\t<a class=\"page-box__picture\" href=\"https:\/\/plumbingmenorca.com\/es\/instalaciones\/solar-panels\/\"><img loading=\"lazy\" decoding=\"async\" width=\"100\" height=\"75\" src=\"https:\/\/plumbingmenorca.com\/wp-content\/uploads\/2016\/02\/solar-panel-1-100x75.jpg\" class=\"attachment-100x75-crop size-100x75-crop wp-post-image\" alt=\"Very Large Capacity Solar Panel Installation, Menorca\" \/><\/a>\n\t\t\t\t\t\t\t\t\t<div class=\"page-box__content\">\n\t\t\t\t\t\t<h5 class=\"page-box__title  text-uppercase\"><a href=\"https:\/\/plumbingmenorca.com\/es\/instalaciones\/solar-panels\/\">Paneles Solares<\/a><\/h5>\n\t\t\t\t\t\t<p>Se puede utilizar paneles solares para generar electricidad cargando &hellip;<\/p>\n\t\t\t\t\t\t\t\t\t\t\t<\/div>\n\t\t\t\t<\/div>\n\n\t\t\t<\/div><div id=\"panel-763-1-2-2\" class=\"so-panel widget widget_pt_featured_page widget-featured-page\" data-index=\"5\" >\t\t\t\t<div class=\"page-box page-box--inline post-763 page type-page status-publish has-post-thumbnail hentry\">\n\t\t\t\t\t\t\t\t\t<a class=\"page-box__picture\" href=\"https:\/\/plumbingmenorca.com\/es\/instalaciones\/calefaccion-central-y-calderas\/\"><img loading=\"lazy\" decoding=\"async\" width=\"100\" height=\"75\" src=\"https:\/\/plumbingmenorca.com\/wp-content\/uploads\/2016\/02\/central-heating-100x75.jpg\" class=\"attachment-100x75-crop size-100x75-crop wp-post-image\" alt=\"Central heating installation\" srcset=\"https:\/\/plumbingmenorca.com\/wp-content\/uploads\/2016\/02\/central-heating-100x75.jpg 100w, https:\/\/plumbingmenorca.com\/wp-content\/uploads\/2016\/02\/central-heating-300x225.jpg 300w, https:\/\/plumbingmenorca.com\/wp-content\/uploads\/2016\/02\/central-heating-768x576.jpg 768w, https:\/\/plumbingmenorca.com\/wp-content\/uploads\/2016\/02\/central-heating-555x416.jpg 555w, https:\/\/plumbingmenorca.com\/wp-content\/uploads\/2016\/02\/central-heating.jpg 900w\" sizes=\"(max-width: 100px) 100vw, 100px\" \/><\/a>\n\t\t\t\t\t\t\t\t\t<div class=\"page-box__content\">\n\t\t\t\t\t\t<h5 class=\"page-box__title  text-uppercase\"><a href=\"https:\/\/plumbingmenorca.com\/es\/instalaciones\/calefaccion-central-y-calderas\/\">Calefacci\u00f3n Central y Calderas<\/a><\/h5>\n\t\t\t\t\t\t<p>En Menorca nos olvidamos de lo caluroso que es el verano y que &hellip;<\/p>\n\t\t\t\t\t\t\t\t\t\t\t<\/div>\n\t\t\t\t<\/div>\n\n\t\t\t<\/div><div id=\"panel-763-1-2-3\" class=\"so-panel widget widget_pt_featured_page widget-featured-page panel-last-child\" data-index=\"6\" >\t\t\t\t<div class=\"page-box page-box--inline post-763 page type-page status-publish has-post-thumbnail hentry\">\n\t\t\t\t\t\t\t\t\t<a class=\"page-box__picture\" href=\"https:\/\/plumbingmenorca.com\/es\/mantenimiento\/\"><img loading=\"lazy\" decoding=\"async\" width=\"100\" height=\"75\" src=\"https:\/\/plumbingmenorca.com\/wp-content\/uploads\/2016\/02\/maintenance-100x75.jpg\" class=\"attachment-100x75-crop size-100x75-crop wp-post-image\" alt=\"Maintenance contracts\" \/><\/a>\n\t\t\t\t\t\t\t\t\t<div class=\"page-box__content\">\n\t\t\t\t\t\t<h5 class=\"page-box__title  text-uppercase\"><a href=\"https:\/\/plumbingmenorca.com\/es\/mantenimiento\/\">Mantenimiento<\/a><\/h5>\n\t\t\t\t\t\t<p>Ofrecemos dos niveles de servicio de mantenimiento anual<\/p>\n\t\t\t\t\t\t\t\t\t\t\t<\/div>\n\t\t\t\t<\/div>\n\n\t\t\t<\/div><\/div><\/div><div id=\"pg-763-2\"  class=\"panel-grid panel-has-style\" ><div class=\"siteorigin-panels-stretch panel-row-style panel-row-style-for-763-2\" data-stretch-type=\"full\" ><div id=\"pgc-763-2-0\"  class=\"panel-grid-cell\" ><div id=\"panel-763-2-0-0\" class=\"so-panel widget panel-first-child panel-last-child\" data-index=\"7\" ><\/div><\/div><\/div><\/div><div id=\"pg-763-3\"  class=\"panel-grid panel-no-style\" ><div id=\"pgc-763-3-0\"  class=\"panel-grid-cell\" ><div id=\"panel-763-3-0-0\" class=\"so-panel widget widget_black-studio-tinymce widget_black_studio_tinymce panel-first-child panel-last-child\" data-index=\"8\" ><h3 class=\"widget-title\">\u00bfQui\u00e9nes somos?<\/h3><div class=\"textwidget\"><p><a href=\"http:\/\/xml-io.proteusthemes.com\/buildpress\/wp-content\/uploads\/sites\/16\/2014\/10\/content_23.jpg\">\u00a0<\/a><\/p>\n<p><figure id=\"attachment_1264\" aria-describedby=\"caption-attachment-1264\" style=\"width: 800px\" class=\"wp-caption aligncenter\"><img loading=\"lazy\" decoding=\"async\" class=\"size-full wp-image-1264\" src=\"http:\/\/plumbingmenorca.com\/wp-content\/uploads\/2014\/10\/dis-fleet.jpg\" alt=\"Digital Investigation Services Fleet\" width=\"800\" height=\"400\" srcset=\"https:\/\/plumbingmenorca.com\/wp-content\/uploads\/2014\/10\/dis-fleet.jpg 800w, https:\/\/plumbingmenorca.com\/wp-content\/uploads\/2014\/10\/dis-fleet-300x150.jpg 300w, https:\/\/plumbingmenorca.com\/wp-content\/uploads\/2014\/10\/dis-fleet-768x384.jpg 768w, https:\/\/plumbingmenorca.com\/wp-content\/uploads\/2014\/10\/dis-fleet-555x278.jpg 555w\" sizes=\"(max-width: 800px) 100vw, 800px\" \/><figcaption id=\"caption-attachment-1264\" class=\"wp-caption-text\">Digital Investigation Services<\/figcaption><\/figure><\/p>\n<p>Hemos estado trabajando en Menorca durante m\u00e1s de 10 a\u00f1os y hemos construido una reputaci\u00f3n de trabajo de alta calidad.\u00a0Nos esforzamos por mantener los m\u00e1s altos est\u00e1ndares y tenemos como objetivo superar las expectativas del cliente, siempre que sea posible.<\/p>\n<p><strong><a href=\"http:\/\/plumbingmenorca.com\/es\/quienes-somos\/\">LEER M\u00c1S<\/a><\/strong><\/p>\n<\/div><\/div><\/div><div id=\"pgc-763-3-1\"  class=\"panel-grid-cell\" ><div id=\"panel-763-3-1-0\" class=\"so-panel widget widget_black-studio-tinymce widget_black_studio_tinymce panel-first-child panel-last-child\" data-index=\"9\" ><h3 class=\"widget-title\">Por Qu\u00e9 Elegirnos<\/h3><div class=\"textwidget\"><h5><span style=\"color: #fcc71f;\"><br \/> <span class=\"icon-container\"><span class=\"fa fa-check\"><\/span><\/span><\/span>SOMOS APASIONADOS<\/h5>\n<p>Tenemos un historial probado de realizaci\u00f3n y somos una empresa de confianza en Menorca. Nos aseguramos de que todos los proyectos se realizan con la m\u00e1xima profesionalidad, con materiales de calidad y ofrecemos \u00a0a los clientes el apoyo y la accesibilidad que requieren.<\/p>\n<h5><span style=\"color: #fcc71f;\"><br \/> <span class=\"icon-container\"><span class=\"fa fa-check\"><\/span><\/span><\/span>\u00a0HONESTOS Y CONFIABLES<\/h5>\n<p>La honestidad es la \u00fanica pol\u00edtica honesta y confiable para nosotros, y nos esforzamos por completar todos los proyectos con integridad. Con muchos proyectos exitosos en nuestro haber, somos una de las empresas m\u00e1s confiable de fontaner\u00eda en Menorca. Nos comprometemos a completar todos los proyectos dentro de la l\u00ednea de tiempo con nuestros clientes.<\/p>\n<h5><span style=\"color: #fcc71f;\"><br \/> <span class=\"icon-container\"><span class=\"fa fa-check\"><\/span><\/span><\/span> INNOVADORA<\/h5>\n<p>Utilizamos lo mejor de la tecnolog\u00eda y las mejores herramientas para que todos los trabajos se realizan r\u00e1pidamente, tambi\u00e9n prestando atenci\u00f3n a los detalles y nos aseguramos que todo se hace correctamente. .<\/p>\n<\/div><\/div><\/div><\/div><div id=\"pg-763-4\"  class=\"panel-grid panel-has-style\" ><div class=\"siteorigin-panels-stretch panel-row-style panel-row-style-for-763-4\" data-stretch-type=\"full\" ><div id=\"pgc-763-4-0\"  class=\"panel-grid-cell\" ><div id=\"panel-763-4-0-0\" class=\"so-panel widget widget_pt_testimonials widget-testimonials panel-first-child panel-last-child\" data-index=\"10\" >\n\t\t\t<div class=\"testimonial\">\n\t\t\t\t<h2 class=\"widget-title\">\n\t\t\t\t\n\t\t\t\t\tTestimonios \t\t\t\t<\/h2>\n\t\t\t\t<div id=\"carousel-testimonials-widget-4-0-0\" class=\"carousel slide\" data-ride=\"carousel\" data-interval=\"5000\">\n\t\t\t\t\t<!-- Wrapper for slides -->\n\t\t\t\t\t<div class=\"carousel-inner\" role=\"listbox\">\n\t\t\t\t\t\t<div class=\"item active\">\n\t\t\t\t\t\t\t<div class=\"row\">\n\t\t\t\t\t\t\t\t\t\t\t\t\t\t\t\t\t\t\t\t\t\t\t<div class=\"col-xs-12  col-sm-6\">\n\t\t\t\t\t\t\t\t\t<blockquote class=\"testimonial__quote\">\n\t\t\t\t\t\t\t\t\t\tAdam nos ayud\u00f3 a dise\u00f1ar nuestros ba\u00f1os nuevos y los instalo con la ayuda de su equipo a tiempo y dentro del presupuesto. Dos a\u00f1os m\u00e1s tarde est\u00e1n como nueva y nunca hemos tenido ning\u00fan problema.\t\t\t\t\t\t\t\t\t<\/blockquote>\n\t\t\t\t\t\t\t\t\t<cite class=\"testimonial__author\">\n\t\t\t\t\t\t\t\t\t\tElaine Yallop\t\t\t\t\t\t\t\t\t<\/cite>\n\n\t\t\t\t\t\t\t\t\t\t\t\t\t\t\t\t\t\t\t<div class=\"testimonial__rating\">\n\t\t\t\t\t\t\t\t\t\t<i class=\"fa  fa-star\"><\/i><i class=\"fa  fa-star\"><\/i><i class=\"fa  fa-star\"><\/i><i class=\"fa  fa-star\"><\/i><i class=\"fa  fa-star\"><\/i>\t\t\t\t\t\t\t\t\t\t<\/div>\n\t\t\t\t\t\t\t\t\t\t\t\t\t\t\t\t\t<\/div>\n\t\t\t\t\t\t\t\t\t\t\t\t\t\t\t\t\t\t\t\t\t\t\t<div class=\"col-xs-12  col-sm-6\">\n\t\t\t\t\t\t\t\t\t<blockquote class=\"testimonial__quote\">\n\t\t\t\t\t\t\t\t\t\tNuestra bomba de agua se rompi\u00f3 a las 6:00 de la noche, Adam vino enseguida, comprob\u00f3 el problema y regres\u00f3 a primera hora de la ma\u00f1ana. Instalaron una nueva bomba  y empez\u00f3 a funcionar a las 9:30 - excelente servicio.\t\t\t\t\t\t\t\t\t<\/blockquote>\n\t\t\t\t\t\t\t\t\t<cite class=\"testimonial__author\">\n\t\t\t\t\t\t\t\t\t\tRoy Sturgeon\t\t\t\t\t\t\t\t\t<\/cite>\n\n\t\t\t\t\t\t\t\t\t\t\t\t\t\t\t\t\t\t\t<div class=\"testimonial__rating\">\n\t\t\t\t\t\t\t\t\t\t<i class=\"fa  fa-star\"><\/i><i class=\"fa  fa-star\"><\/i><i class=\"fa  fa-star\"><\/i><i class=\"fa  fa-star\"><\/i><i class=\"fa  fa-star\"><\/i>\t\t\t\t\t\t\t\t\t\t<\/div>\n\t\t\t\t\t\t\t\t\t\t\t\t\t\t\t\t\t<\/div>\n\t\t\t\t\t\t\t\t\t\t\t\t\t\t<\/div>\n\t\t\t\t\t\t<\/div>\n\t\t\t\t\t<\/div>\n\t\t\t\t<\/div>\n\t\t\t<\/div>\n\n\t\t\t<\/div><\/div><\/div><\/div><div id=\"pg-763-5\"  class=\"panel-grid panel-has-style\" ><div class=\"siteorigin-panels-stretch panel-row-style panel-row-style-for-763-5\" data-stretch-type=\"full\" ><div id=\"pgc-763-5-0\"  class=\"panel-grid-cell\" ><div id=\"panel-763-5-0-0\" class=\"so-panel widget widget_text panel-first-child panel-last-child\" data-index=\"11\" ><div class=\"panel-widget-style panel-widget-style-for-763-5-0-0\" >\t\t\t<div class=\"textwidget\"><div class=\"motivational-text\">Una actitud totalmente flexible al negocio me facilita dirigir una amplia variedad de los proyectos y relaciones con los clientes, arquitectos, constructores y equipos de administraci\u00f3n. <\/div><\/div>\n\t\t<\/div><\/div><\/div><\/div><\/div><\/div>","protected":false},"excerpt":{"rendered":"<p>\u00bfQuieres un servicio profesional de alta calidad? SOLICITE UN PRESUPUESTO \u00a0 COMPRUEBE NUESTROS PROYECTOS Localizar Fugas Podemos usar cualquiera de los sistemas detallados para encontrar fugas dependiendo del problema. Leer m\u00e1s Instalaciones Podemos instalar casi cualquier cosa desde aire acondicionado hasta las energias renovables Leer m\u00e1s Aire acondicionado El aire acondicionado es un hecho de &hellip;<\/p>\n","protected":false},"author":1,"featured_media":1264,"parent":0,"menu_order":0,"comment_status":"closed","ping_status":"closed","template":"template-front-page-slider.php","meta":{"footnotes":""},"_links":{"self":[{"href":"https:\/\/plumbingmenorca.com\/es\/wp-json\/wp\/v2\/pages\/763"}],"collection":[{"href":"https:\/\/plumbingmenorca.com\/es\/wp-json\/wp\/v2\/pages"}],"about":[{"href":"https:\/\/plumbingmenorca.com\/es\/wp-json\/wp\/v2\/types\/page"}],"author":[{"embeddable":true,"href":"https:\/\/plumbingmenorca.com\/es\/wp-json\/wp\/v2\/users\/1"}],"replies":[{"embeddable":true,"href":"https:\/\/plumbingmenorca.com\/es\/wp-json\/wp\/v2\/comments?post=763"}],"version-history":[{"count":27,"href":"https:\/\/plumbingmenorca.com\/es\/wp-json\/wp\/v2\/pages\/763\/revisions"}],"predecessor-version":[{"id":1403,"href":"https:\/\/plumbingmenorca.com\/es\/wp-json\/wp\/v2\/pages\/763\/revisions\/1403"}],"wp:featuredmedia":[{"embeddable":true,"href":"https:\/\/plumbingmenorca.com\/es\/wp-json\/wp\/v2\/media\/1264"}],"wp:attachment":[{"href":"https:\/\/plumbingmenorca.com\/es\/wp-json\/wp\/v2\/media?parent=763"}],"curies":[{"name":"wp","href":"https:\/\/api.w.org\/{rel}","templated":true}]}}