{"id":1330,"date":"2016-02-15T10:00:06","date_gmt":"2016-02-15T09:00:06","guid":{"rendered":"http:\/\/plumbingmenorca.com\/es\/localizar-fugas\/pipe-bursting\/"},"modified":"2016-09-01T17:27:34","modified_gmt":"2016-09-01T15:27:34","slug":"pipe-bursting","status":"publish","type":"page","link":"https:\/\/plumbingmenorca.com\/es\/localizar-fugas\/pipe-bursting\/","title":{"rendered":"Explosi\u00f3n de tuber\u00eda"},"content":{"rendered":"<div id=\"pl-1330\"  class=\"panel-layout\" ><div id=\"pg-1330-0\"  class=\"panel-grid panel-no-style\" ><div id=\"pgc-1330-0-0\"  class=\"panel-grid-cell\" ><div id=\"panel-1330-0-0-0\" class=\"so-panel widget widget_black-studio-tinymce widget_black_studio_tinymce panel-first-child panel-last-child\" data-index=\"0\" ><div class=\"textwidget\"><p><img loading=\"lazy\" decoding=\"async\" class=\"size-medium wp-image-596\" src=\"http:\/\/plumbingmenorca.com\/wp-content\/uploads\/2016\/02\/pipe-bursting-300x176.jpg\" alt=\"Pipe bursting\" width=\"300\" height=\"176\" srcset=\"https:\/\/plumbingmenorca.com\/wp-content\/uploads\/2016\/02\/pipe-bursting-300x176.jpg 300w, https:\/\/plumbingmenorca.com\/wp-content\/uploads\/2016\/02\/pipe-bursting-555x326.jpg 555w, https:\/\/plumbingmenorca.com\/wp-content\/uploads\/2016\/02\/pipe-bursting.jpg 595w\" sizes=\"(max-width: 300px) 100vw, 300px\" \/><\/p>\n<\/div><\/div><\/div><div id=\"pgc-1330-0-1\"  class=\"panel-grid-cell\" ><div id=\"panel-1330-0-1-0\" class=\"so-panel widget widget_black-studio-tinymce widget_black_studio_tinymce panel-first-child panel-last-child\" data-index=\"1\" ><div class=\"textwidget\"><p>Otra opci\u00f3n disponible, en lugar de desenterrar las viejas tuber\u00edas, es un proceso conocido como ruptura de tuber\u00edas sin excavaci\u00f3n y consiste en deslizar las viejas tuber\u00edas de\u00a0 alcantarilla subterr\u00e1neas.<\/p>\n<p>Explosi\u00f3n de tuber\u00edas es un m\u00e9todo sin excavaci\u00f3n que sustituye las \u00a0tuber\u00edas de alcantarillado enterradas sin necesidad de escavar. \"Irrumpir y\u00a0 fosas receptoras \" reemplazan la excavaci\u00f3n necesaria para las tuber\u00edas convencional. Explosi\u00f3n de tuber\u00edas puede usarse tambi\u00e9n para ampliar la capacidad de la tuber\u00eda mediante la sustituci\u00f3n de tubos m\u00e1s peque\u00f1os por unos m\u00e1s grandes, o \"agrandador.\"<\/p>\n<\/div><\/div><\/div><\/div><\/div>","protected":false},"excerpt":{"rendered":"<p>un proceso conocido como ruptura de tuber\u00edas sin excavaci\u00f3n y consiste en deslizar las viejas tuber\u00edas de  alcantarilla subterr\u00e1neas<\/p>\n","protected":false},"author":1,"featured_media":596,"parent":881,"menu_order":0,"comment_status":"closed","ping_status":"closed","template":"","meta":{"footnotes":""},"_links":{"self":[{"href":"https:\/\/plumbingmenorca.com\/es\/wp-json\/wp\/v2\/pages\/1330"}],"collection":[{"href":"https:\/\/plumbingmenorca.com\/es\/wp-json\/wp\/v2\/pages"}],"about":[{"href":"https:\/\/plumbingmenorca.com\/es\/wp-json\/wp\/v2\/types\/page"}],"author":[{"embeddable":true,"href":"https:\/\/plumbingmenorca.com\/es\/wp-json\/wp\/v2\/users\/1"}],"replies":[{"embeddable":true,"href":"https:\/\/plumbingmenorca.com\/es\/wp-json\/wp\/v2\/comments?post=1330"}],"version-history":[{"count":2,"href":"https:\/\/plumbingmenorca.com\/es\/wp-json\/wp\/v2\/pages\/1330\/revisions"}],"predecessor-version":[{"id":1397,"href":"https:\/\/plumbingmenorca.com\/es\/wp-json\/wp\/v2\/pages\/1330\/revisions\/1397"}],"up":[{"embeddable":true,"href":"https:\/\/plumbingmenorca.com\/es\/wp-json\/wp\/v2\/pages\/881"}],"wp:featuredmedia":[{"embeddable":true,"href":"https:\/\/plumbingmenorca.com\/es\/wp-json\/wp\/v2\/media\/596"}],"wp:attachment":[{"href":"https:\/\/plumbingmenorca.com\/es\/wp-json\/wp\/v2\/media?parent=1330"}],"curies":[{"name":"wp","href":"https:\/\/api.w.org\/{rel}","templated":true}]}}