{"id":1316,"date":"2016-03-28T17:01:40","date_gmt":"2016-03-28T15:01:40","guid":{"rendered":"http:\/\/plumbingmenorca.com\/es\/instalaciones\/water-treatment\/"},"modified":"2016-07-24T15:55:41","modified_gmt":"2016-07-24T13:55:41","slug":"tratamiento-y-purificacion-de-agua","status":"publish","type":"page","link":"https:\/\/plumbingmenorca.com\/es\/instalaciones\/tratamiento-y-purificacion-de-agua\/","title":{"rendered":"Tratamiento Y Purificaci\u00f3n de Agua"},"content":{"rendered":"<div id=\"pl-1316\"  class=\"panel-layout\" ><div id=\"pg-1316-0\"  class=\"panel-grid panel-no-style\" ><div id=\"pgc-1316-0-0\"  class=\"panel-grid-cell\" ><div id=\"panel-1316-0-0-0\" class=\"so-panel widget widget_black-studio-tinymce widget_black_studio_tinymce panel-first-child panel-last-child\" data-index=\"0\" ><h3 class=\"widget-title\"> Suavizadores de Agua <\/h3><div class=\"textwidget\"><p>L\u2019 agua de \u00a0Menorca tiene un alto contenido en cal que causa desperfectos en su caldera, lavavajillas, lavadora, calentador de agua, calderas, tuber\u00edas etc.. \u00bfSab\u00eda tambi\u00e9n que el agua con cal provoca piel seca y es muy malo para las personas que sufren de psoriasis o eczema? Tambi\u00e9n, agua con cal puede hacer \u00a0que su cabello se note \u00e1spero.<\/p>\n<p>Suavizando el agua significa eliminar el cal, magnesio y algunos otros iones met\u00e1licos en el agua. El agua suavizada \u00a0extiende la vida \u00a0de la tuber\u00eda y es mejor para la piel y el cabello.<\/p>\n<p>Podemos instalar y mantener los suavizadores de agua. Resolveremos \u00a0sus necesidades y le ofreceremos la soluci\u00f3n correcta.<\/p>\n<p>\u00a0<\/p>\n<\/div><\/div><\/div><div id=\"pgc-1316-0-1\"  class=\"panel-grid-cell\" ><div id=\"panel-1316-0-1-0\" class=\"so-panel widget widget_black-studio-tinymce widget_black_studio_tinymce panel-first-child panel-last-child\" data-index=\"1\" ><div class=\"textwidget\"><p><img loading=\"lazy\" decoding=\"async\" class=\"alignnone size-medium wp-image-1004\" src=\"http:\/\/plumbingmenorca.com\/wp-content\/uploads\/2016\/03\/water-treatment-300x200.jpg\" alt=\"Water treatment systems Menorca\" width=\"300\" height=\"200\" srcset=\"https:\/\/plumbingmenorca.com\/wp-content\/uploads\/2016\/03\/water-treatment-300x200.jpg 300w, https:\/\/plumbingmenorca.com\/wp-content\/uploads\/2016\/03\/water-treatment-768x512.jpg 768w, https:\/\/plumbingmenorca.com\/wp-content\/uploads\/2016\/03\/water-treatment-360x240.jpg 360w, https:\/\/plumbingmenorca.com\/wp-content\/uploads\/2016\/03\/water-treatment-555x370.jpg 555w, https:\/\/plumbingmenorca.com\/wp-content\/uploads\/2016\/03\/water-treatment-272x182.jpg 272w, https:\/\/plumbingmenorca.com\/wp-content\/uploads\/2016\/03\/water-treatment.jpg 900w\" sizes=\"(max-width: 300px) 100vw, 300px\" \/><\/p>\n<p>\u00a0<\/p>\n<\/div><\/div><\/div><\/div><div id=\"pg-1316-1\"  class=\"panel-grid panel-no-style\" ><div id=\"pgc-1316-1-0\"  class=\"panel-grid-cell\" ><div id=\"panel-1316-1-0-0\" class=\"so-panel widget widget_black-studio-tinymce widget_black_studio_tinymce panel-first-child panel-last-child\" data-index=\"2\" ><h3 class=\"widget-title\">Agua Potable<\/h3><div class=\"textwidget\"><p>Menorca obtiene su agua de acu\u00edferos o aguas subterr\u00e1neas. Estos han sido sobre explotados, causando una concentraci\u00f3n de nitratos. En 2004, la Organizaci\u00f3n Mundial de salud declar\u00f3 un m\u00e1ximo recomendado de nitratos de 50 mg\/l en el agua potable. Desafortunadamente este nivel de vez en cuando se excede en Menorca, como ejemplo alcanz\u00f3 \u00a053 en julio de 2015 en Sant Llu\u00eds y est\u00e1 constantemente en el l\u00edmite de este nivel.<\/p>\n<\/div><\/div><\/div><div id=\"pgc-1316-1-1\"  class=\"panel-grid-cell\" ><div id=\"panel-1316-1-1-0\" class=\"so-panel widget widget_black-studio-tinymce widget_black_studio_tinymce panel-first-child panel-last-child\" data-index=\"3\" ><div class=\"textwidget\"><p><img loading=\"lazy\" decoding=\"async\" class=\"alignnone size-medium wp-image-1006\" src=\"http:\/\/plumbingmenorca.com\/wp-content\/uploads\/2016\/03\/drinking-water-treatment-300x200.jpg\" alt=\"Drinking water treatments\" width=\"300\" height=\"200\" srcset=\"https:\/\/plumbingmenorca.com\/wp-content\/uploads\/2016\/03\/drinking-water-treatment-300x200.jpg 300w, https:\/\/plumbingmenorca.com\/wp-content\/uploads\/2016\/03\/drinking-water-treatment-768x512.jpg 768w, https:\/\/plumbingmenorca.com\/wp-content\/uploads\/2016\/03\/drinking-water-treatment-360x240.jpg 360w, https:\/\/plumbingmenorca.com\/wp-content\/uploads\/2016\/03\/drinking-water-treatment-555x370.jpg 555w, https:\/\/plumbingmenorca.com\/wp-content\/uploads\/2016\/03\/drinking-water-treatment-272x182.jpg 272w, https:\/\/plumbingmenorca.com\/wp-content\/uploads\/2016\/03\/drinking-water-treatment.jpg 900w\" sizes=\"(max-width: 300px) 100vw, 300px\" \/><\/p>\n<\/div><\/div><\/div><\/div><\/div>","protected":false},"excerpt":{"rendered":"<p>L\u2019 agua de  Menorca tiene un alto contenido en cal que causa desperfectos en su caldera, lavavajillas, lavadora, calentador de agua, calderas, tuber\u00edas etc.. <\/p>\n","protected":false},"author":1,"featured_media":1004,"parent":896,"menu_order":0,"comment_status":"closed","ping_status":"closed","template":"","meta":{"footnotes":""},"_links":{"self":[{"href":"https:\/\/plumbingmenorca.com\/es\/wp-json\/wp\/v2\/pages\/1316"}],"collection":[{"href":"https:\/\/plumbingmenorca.com\/es\/wp-json\/wp\/v2\/pages"}],"about":[{"href":"https:\/\/plumbingmenorca.com\/es\/wp-json\/wp\/v2\/types\/page"}],"author":[{"embeddable":true,"href":"https:\/\/plumbingmenorca.com\/es\/wp-json\/wp\/v2\/users\/1"}],"replies":[{"embeddable":true,"href":"https:\/\/plumbingmenorca.com\/es\/wp-json\/wp\/v2\/comments?post=1316"}],"version-history":[{"count":5,"href":"https:\/\/plumbingmenorca.com\/es\/wp-json\/wp\/v2\/pages\/1316\/revisions"}],"predecessor-version":[{"id":1380,"href":"https:\/\/plumbingmenorca.com\/es\/wp-json\/wp\/v2\/pages\/1316\/revisions\/1380"}],"up":[{"embeddable":true,"href":"https:\/\/plumbingmenorca.com\/es\/wp-json\/wp\/v2\/pages\/896"}],"wp:featuredmedia":[{"embeddable":true,"href":"https:\/\/plumbingmenorca.com\/es\/wp-json\/wp\/v2\/media\/1004"}],"wp:attachment":[{"href":"https:\/\/plumbingmenorca.com\/es\/wp-json\/wp\/v2\/media?parent=1316"}],"curies":[{"name":"wp","href":"https:\/\/api.w.org\/{rel}","templated":true}]}}