{"id":1285,"date":"2014-10-23T09:22:51","date_gmt":"2014-10-23T09:22:51","guid":{"rendered":"http:\/\/plumbingmenorca.com\/es\/localizar-fugas\/signal-generating\/"},"modified":"2016-09-01T17:26:47","modified_gmt":"2016-09-01T15:26:47","slug":"generacion-de-senal","status":"publish","type":"page","link":"https:\/\/plumbingmenorca.com\/es\/localizar-fugas\/generacion-de-senal\/","title":{"rendered":"Generaci\u00f3n de se\u00f1al"},"content":{"rendered":"<div id=\"pl-1285\"  class=\"panel-layout\" ><div id=\"pg-1285-0\"  class=\"panel-grid panel-no-style\" ><div id=\"pgc-1285-0-0\"  class=\"panel-grid-cell\" ><div id=\"panel-1285-0-0-0\" class=\"so-panel widget widget_black-studio-tinymce widget_black_studio_tinymce panel-first-child panel-last-child\" data-index=\"0\" ><div class=\"textwidget\"><p><img loading=\"lazy\" decoding=\"async\" class=\"alignnone size-full wp-image-979\" src=\"http:\/\/plumbingmenorca.com\/wp-content\/uploads\/2014\/10\/signal-generation.jpg\" alt=\"Location of metal pipes\" width=\"300\" height=\"200\" srcset=\"https:\/\/plumbingmenorca.com\/wp-content\/uploads\/2014\/10\/signal-generation.jpg 300w, https:\/\/plumbingmenorca.com\/wp-content\/uploads\/2014\/10\/signal-generation-272x182.jpg 272w\" sizes=\"(max-width: 300px) 100vw, 300px\" \/><\/p>\n<p><img loading=\"lazy\" decoding=\"async\" class=\"alignnone size-full wp-image-980\" src=\"http:\/\/plumbingmenorca.com\/wp-content\/uploads\/2014\/10\/signal-generation-2.jpg\" alt=\"Signal generation\" width=\"300\" height=\"200\" srcset=\"https:\/\/plumbingmenorca.com\/wp-content\/uploads\/2014\/10\/signal-generation-2.jpg 300w, https:\/\/plumbingmenorca.com\/wp-content\/uploads\/2014\/10\/signal-generation-2-272x182.jpg 272w\" sizes=\"(max-width: 300px) 100vw, 300px\" \/><\/p>\n<p>\u00a0<\/p>\n<\/div><\/div><\/div><div id=\"pgc-1285-0-1\"  class=\"panel-grid-cell\" ><div id=\"panel-1285-0-1-0\" class=\"so-panel widget widget_black-studio-tinymce widget_black_studio_tinymce panel-first-child panel-last-child\" data-index=\"1\" ><h3 class=\"widget-title\">Localizaci\u00f3n exacta de cables met\u00e1licos y tubos <\/h3><div class=\"textwidget\"><p>Se utiliza este sistema para localizar y detectar servicios subterr\u00e1neos, es decir; cables el\u00e9ctricos, tuber\u00edas de agua, cables de telecomunicaciones, tubos de metal y alcantarillado, nuestro sistema se utiliza pasando\u00a0 electricidad por una tuber\u00eda o una l\u00ednea con una se\u00f1al el\u00e9ctrica \"activa\", para que la l\u00ednea subterr\u00e1nea \u00a0puede rastrearse por el receptor. Esto permite la localizaci\u00f3n de la l\u00ednea que se marcar\u00e1 correctamente por lo que pueden ser escavados para la reparaci\u00f3n o evitar durante la excavaci\u00f3n.<\/p>\n<\/div><\/div><\/div><\/div><\/div>","protected":false},"excerpt":{"rendered":"<p>Se utiliza este sistema para localizar y detectar servicios subterr\u00e1neos, es decir; cables el\u00e9ctricos, tuber\u00edas de agua, cables de telecomunicaciones, tubos de metal y alcantarillado<\/p>\n","protected":false},"author":1,"featured_media":979,"parent":881,"menu_order":0,"comment_status":"closed","ping_status":"open","template":"","meta":{"footnotes":""},"_links":{"self":[{"href":"https:\/\/plumbingmenorca.com\/es\/wp-json\/wp\/v2\/pages\/1285"}],"collection":[{"href":"https:\/\/plumbingmenorca.com\/es\/wp-json\/wp\/v2\/pages"}],"about":[{"href":"https:\/\/plumbingmenorca.com\/es\/wp-json\/wp\/v2\/types\/page"}],"author":[{"embeddable":true,"href":"https:\/\/plumbingmenorca.com\/es\/wp-json\/wp\/v2\/users\/1"}],"replies":[{"embeddable":true,"href":"https:\/\/plumbingmenorca.com\/es\/wp-json\/wp\/v2\/comments?post=1285"}],"version-history":[{"count":6,"href":"https:\/\/plumbingmenorca.com\/es\/wp-json\/wp\/v2\/pages\/1285\/revisions"}],"predecessor-version":[{"id":1396,"href":"https:\/\/plumbingmenorca.com\/es\/wp-json\/wp\/v2\/pages\/1285\/revisions\/1396"}],"up":[{"embeddable":true,"href":"https:\/\/plumbingmenorca.com\/es\/wp-json\/wp\/v2\/pages\/881"}],"wp:featuredmedia":[{"embeddable":true,"href":"https:\/\/plumbingmenorca.com\/es\/wp-json\/wp\/v2\/media\/979"}],"wp:attachment":[{"href":"https:\/\/plumbingmenorca.com\/es\/wp-json\/wp\/v2\/media?parent=1285"}],"curies":[{"name":"wp","href":"https:\/\/api.w.org\/{rel}","templated":true}]}}