{"id":1084,"date":"2014-10-23T09:16:50","date_gmt":"2014-10-23T09:16:50","guid":{"rendered":"http:\/\/plumbingmenorca.com\/es\/localizar-fugas\/thermography\/"},"modified":"2016-09-01T17:25:45","modified_gmt":"2016-09-01T15:25:45","slug":"thermography","status":"publish","type":"page","link":"https:\/\/plumbingmenorca.com\/es\/localizar-fugas\/thermography\/","title":{"rendered":"Termograf\u00eda"},"content":{"rendered":"<div id=\"pl-1084\"  class=\"panel-layout\" ><div id=\"pg-1084-0\"  class=\"panel-grid panel-no-style\" ><div id=\"pgc-1084-0-0\"  class=\"panel-grid-cell\" ><div id=\"panel-1084-0-0-0\" class=\"so-panel widget widget_black-studio-tinymce widget_black_studio_tinymce panel-first-child panel-last-child\" data-index=\"0\" ><div class=\"textwidget\"><p class=\"p1\"><span class=\"s1\">Se utiliza para localizar fugas en tuber\u00edas de agua caliente, calefacci\u00f3n, suelo radian y de encontrar fallos en sistemas el\u00e9ctricos que est\u00e1n sobrealimentados. Usando nuestra c\u00e1mara de im\u00e1genes t\u00e9rmicas podemos ver fugas e incluso localizar tuber\u00edas de agua caliente o<span class=\"Apple-converted-space\">\u00a0 <\/span>fr\u00eda en las paredes de su casa.<\/span><\/p>\n<p>\u00a0<\/p>\n<\/div><\/div><\/div><\/div><div id=\"pg-1084-1\"  class=\"panel-grid panel-no-style\" ><div id=\"pgc-1084-1-0\"  class=\"panel-grid-cell\" ><div id=\"panel-1084-1-0-0\" class=\"so-panel widget widget_black-studio-tinymce widget_black_studio_tinymce panel-first-child panel-last-child\" data-index=\"1\" ><div class=\"textwidget\"><p><figure id=\"attachment_1256\" aria-describedby=\"caption-attachment-1256\" style=\"width: 416px\" class=\"wp-caption aligncenter\"><img loading=\"lazy\" decoding=\"async\" class=\"size-full wp-image-1256\" src=\"http:\/\/plumbingmenorca.com\/wp-content\/uploads\/2014\/10\/thermo-camara-2.jpg\" alt=\"Thermal Imaging Camera shows any heat loss points\" width=\"416\" height=\"555\" srcset=\"https:\/\/plumbingmenorca.com\/wp-content\/uploads\/2014\/10\/thermo-camara-2.jpg 416w, https:\/\/plumbingmenorca.com\/wp-content\/uploads\/2014\/10\/thermo-camara-2-225x300.jpg 225w\" sizes=\"(max-width: 416px) 100vw, 416px\" \/><figcaption id=\"caption-attachment-1256\" class=\"wp-caption-text\">La c\u00e1mara de imagen t\u00e9rmica muestra los puntos de p\u00e9rdida de calor<\/figcaption><\/figure><\/p>\n<\/div><\/div><\/div><div id=\"pgc-1084-1-1\"  class=\"panel-grid-cell\" ><div id=\"panel-1084-1-1-0\" class=\"so-panel widget widget_black-studio-tinymce widget_black_studio_tinymce panel-first-child panel-last-child\" data-index=\"2\" ><div class=\"textwidget\"><p><figure id=\"attachment_1255\" aria-describedby=\"caption-attachment-1255\" style=\"width: 416px\" class=\"wp-caption aligncenter\"><img loading=\"lazy\" decoding=\"async\" class=\"size-full wp-image-1255\" src=\"http:\/\/plumbingmenorca.com\/wp-content\/uploads\/2014\/10\/thermo-camera-1.jpg\" alt=\"Thermal Imaging Camera\" width=\"416\" height=\"555\" srcset=\"https:\/\/plumbingmenorca.com\/wp-content\/uploads\/2014\/10\/thermo-camera-1.jpg 416w, https:\/\/plumbingmenorca.com\/wp-content\/uploads\/2014\/10\/thermo-camera-1-225x300.jpg 225w\" sizes=\"(max-width: 416px) 100vw, 416px\" \/><figcaption id=\"caption-attachment-1255\" class=\"wp-caption-text\">La c\u00e1mara de imagen t\u00e9rmica<\/figcaption><\/figure><\/p>\n<\/div><\/div><\/div><\/div><\/div>","protected":false},"excerpt":{"rendered":"<p>Se utiliza para localizar fugas en tuber\u00edas de agua caliente, calefacci\u00f3n, suelo radian y de encontrar fallos en sistemas el\u00e9ctricos que est\u00e1n sobrealimentados<\/p>\n","protected":false},"author":1,"featured_media":947,"parent":881,"menu_order":0,"comment_status":"closed","ping_status":"open","template":"","meta":{"footnotes":""},"_links":{"self":[{"href":"https:\/\/plumbingmenorca.com\/es\/wp-json\/wp\/v2\/pages\/1084"}],"collection":[{"href":"https:\/\/plumbingmenorca.com\/es\/wp-json\/wp\/v2\/pages"}],"about":[{"href":"https:\/\/plumbingmenorca.com\/es\/wp-json\/wp\/v2\/types\/page"}],"author":[{"embeddable":true,"href":"https:\/\/plumbingmenorca.com\/es\/wp-json\/wp\/v2\/users\/1"}],"replies":[{"embeddable":true,"href":"https:\/\/plumbingmenorca.com\/es\/wp-json\/wp\/v2\/comments?post=1084"}],"version-history":[{"count":6,"href":"https:\/\/plumbingmenorca.com\/es\/wp-json\/wp\/v2\/pages\/1084\/revisions"}],"predecessor-version":[{"id":1395,"href":"https:\/\/plumbingmenorca.com\/es\/wp-json\/wp\/v2\/pages\/1084\/revisions\/1395"}],"up":[{"embeddable":true,"href":"https:\/\/plumbingmenorca.com\/es\/wp-json\/wp\/v2\/pages\/881"}],"wp:featuredmedia":[{"embeddable":true,"href":"https:\/\/plumbingmenorca.com\/es\/wp-json\/wp\/v2\/media\/947"}],"wp:attachment":[{"href":"https:\/\/plumbingmenorca.com\/es\/wp-json\/wp\/v2\/media?parent=1084"}],"curies":[{"name":"wp","href":"https:\/\/api.w.org\/{rel}","templated":true}]}}