{"id":1040,"date":"2014-10-24T11:31:21","date_gmt":"2014-10-24T11:31:21","guid":{"rendered":"http:\/\/plumbingmenorca.com\/es\/projects\/"},"modified":"2016-07-24T16:52:54","modified_gmt":"2016-07-24T14:52:54","slug":"proyectos","status":"publish","type":"page","link":"https:\/\/plumbingmenorca.com\/es\/proyectos\/","title":{"rendered":"Proyectos"},"content":{"rendered":"<p style=\"text-align: center;\">Hemos realizado numerosos proyectos, grandes y peque\u00f1os, de unidades de aire acondicionado o proyectos\u00a0 de gesti\u00f3n para la renovaci\u00f3n de \u00a0una casa completa.<\/p>\n<p style=\"text-align: center;\">Aqu\u00ed hay una muestra de lo que podr\u00edamos hacer para usted:<\/p>\n<p>[ess_grid alias=\u00bbproyectos\u00bb]<\/p>\n","protected":false},"excerpt":{"rendered":"<p>Hemos realizado numerosos proyectos, grandes y peque\u00f1os, de unidades de aire acondicionado o proyectos  de gesti\u00f3n para la renovaci\u00f3n de  una casa completa.<\/p>\n","protected":false},"author":1,"featured_media":1000,"parent":0,"menu_order":0,"comment_status":"closed","ping_status":"open","template":"","meta":{"footnotes":""},"_links":{"self":[{"href":"https:\/\/plumbingmenorca.com\/es\/wp-json\/wp\/v2\/pages\/1040"}],"collection":[{"href":"https:\/\/plumbingmenorca.com\/es\/wp-json\/wp\/v2\/pages"}],"about":[{"href":"https:\/\/plumbingmenorca.com\/es\/wp-json\/wp\/v2\/types\/page"}],"author":[{"embeddable":true,"href":"https:\/\/plumbingmenorca.com\/es\/wp-json\/wp\/v2\/users\/1"}],"replies":[{"embeddable":true,"href":"https:\/\/plumbingmenorca.com\/es\/wp-json\/wp\/v2\/comments?post=1040"}],"version-history":[{"count":7,"href":"https:\/\/plumbingmenorca.com\/es\/wp-json\/wp\/v2\/pages\/1040\/revisions"}],"predecessor-version":[{"id":1386,"href":"https:\/\/plumbingmenorca.com\/es\/wp-json\/wp\/v2\/pages\/1040\/revisions\/1386"}],"wp:featuredmedia":[{"embeddable":true,"href":"https:\/\/plumbingmenorca.com\/es\/wp-json\/wp\/v2\/media\/1000"}],"wp:attachment":[{"href":"https:\/\/plumbingmenorca.com\/es\/wp-json\/wp\/v2\/media?parent=1040"}],"curies":[{"name":"wp","href":"https:\/\/api.w.org\/{rel}","templated":true}]}}