{"id":1037,"date":"2016-02-15T08:30:34","date_gmt":"2016-02-15T08:30:34","guid":{"rendered":"http:\/\/plumbingmenorca.com\/es\/installations\/solar-panels\/"},"modified":"2016-09-01T17:29:15","modified_gmt":"2016-09-01T15:29:15","slug":"solar-panels","status":"publish","type":"page","link":"https:\/\/plumbingmenorca.com\/es\/instalaciones\/solar-panels\/","title":{"rendered":"Paneles Solares"},"content":{"rendered":"<div id=\"pl-1037\"  class=\"panel-layout\" ><div id=\"pg-1037-0\"  class=\"panel-grid panel-no-style\" ><div id=\"pgc-1037-0-0\"  class=\"panel-grid-cell\" ><div id=\"panel-1037-0-0-0\" class=\"so-panel widget widget_black-studio-tinymce widget_black_studio_tinymce panel-first-child panel-last-child\" data-index=\"0\" ><div class=\"textwidget\"><p><figure id=\"attachment_1067\" aria-describedby=\"caption-attachment-1067\" style=\"width: 300px\" class=\"wp-caption aligncenter\"><img loading=\"lazy\" decoding=\"async\" class=\"size-medium wp-image-1067\" src=\"http:\/\/plumbingmenorca.com\/wp-content\/uploads\/2016\/02\/solar-panels-300x200.jpg\" alt=\"solar panels Menorca\" width=\"300\" height=\"200\" srcset=\"https:\/\/plumbingmenorca.com\/wp-content\/uploads\/2016\/02\/solar-panels.jpg 300w, https:\/\/plumbingmenorca.com\/wp-content\/uploads\/2016\/02\/solar-panels-272x182.jpg 272w\" sizes=\"(max-width: 300px) 100vw, 300px\" \/><figcaption id=\"caption-attachment-1067\" class=\"wp-caption-text\">Instalaci\u00f3n de panales solares<\/figcaption><\/figure><\/p>\n<p><img loading=\"lazy\" decoding=\"async\" class=\"size-medium wp-image-1068 aligncenter\" src=\"http:\/\/plumbingmenorca.com\/wp-content\/uploads\/2016\/02\/solar-water-tank-200x300.jpg\" alt=\"Solar heating water tank Menorca\" width=\"200\" height=\"300\" \/><\/p>\n<\/div><\/div><\/div><div id=\"pgc-1037-0-1\"  class=\"panel-grid-cell\" ><div id=\"panel-1037-0-1-0\" class=\"so-panel widget widget_black-studio-tinymce widget_black_studio_tinymce panel-first-child panel-last-child\" data-index=\"1\" ><h3 class=\"widget-title\"> Energ\u00eda Renovable<\/h3><div class=\"textwidget\"><p class=\"p1\"><span class=\"s1\">Se puede utilizar paneles solares para generar electricidad cargando bater\u00edas de 12v o para calentar el agua.<\/span><\/p>\n<p class=\"p1\"><span class=\"s1\">Los paneles solares tambi\u00e9n pueden servir<span class=\"Apple-converted-space\">\u00a0<\/span>para calentar su piscina. Ll\u00e1menos para hablar de sus opciones.<\/span><\/p>\n<p>\u00a0<\/p>\n<h1 class=\"p1 alternative-heading\"><span class=\"s1\">Sistema de agua caliente<\/span><\/h1>\n<p class=\"p1\"><span class=\"s1\">Esta es la solucione m\u00e1s com\u00fan<span class=\"Apple-converted-space\">\u00a0 <\/span>de uso de panel solar en Menorca. Los paneles pueden montarse en el tejado<span class=\"Apple-converted-space\">\u00a0 <\/span>o en una superficie apta. El tanque de agua se puede instalar al lado de los paneles, conocidos como un sistema compacto, o dentro de su villa, un sistema de bombeo, tal vez en el trastero o garaje.<\/span><\/p>\n<p class=\"p1\"><span class=\"s1\">El sistema compacto es la opci\u00f3n m\u00e1s simple y se puede conectar f\u00e1cilmente a su instalaci\u00f3n existente de agua caliente. El sistema de bombeo permite instalar<span class=\"Apple-converted-space\">\u00a0 <\/span>tanques m\u00e1s grandes<span class=\"Apple-converted-space\">\u00a0 <\/span>y por lo tanto una mayor capacidad de agua caliente. Este sistema tambi\u00e9n puede conectarse a la caldera existente y el tanque puede instalado con un elemento de calefacci\u00f3n el\u00e9ctrica para recargar el agua caliente si es necesario.<\/span><\/p>\n<h2 class=\"p1 alternative-heading\"><span class=\"s1\">Sistemas el\u00e9ctricos <\/span><\/h2>\n<p class=\"p1\"><span class=\"s1\">Los sistemas el\u00e9ctricos de paneles solares, tambi\u00e9n conocido como solar fotovoltaica (PV), captura la energ\u00eda del sol usando c\u00e9lulas fotovoltaicas. Estas c\u00e9lulas no necesitan la luz solar directa para trabajar \u2013<span class=\"Apple-converted-space\">\u00a0 <\/span>pueden generar cierta electricidad en un d\u00eda nublado. Las c\u00e9lulas convierten la luz del sol en electricidad, que se pueden utilizar los electrodom\u00e9sticos y la iluminaci\u00f3n. <\/span><\/p>\n<p class=\"p1\"><span class=\"s1\"><strong>Reduzca sus facturas de electricidad.<\/strong> La luz del sol es gratis, as\u00ed que una vez que haga pagado por la instalaci\u00f3n inicial, se reducir\u00e1n sus costos de electricidad.<\/span><\/p>\n<p class=\"p1\"><span class=\"s1\"><strong>Reducir tu huella de carbono.<\/strong> La electricidad solar es una energ\u00eda renovable ecologica y no suelta di\u00f3xido de carbono o otros contaminantes.<\/span><\/p>\n<\/div><\/div><\/div><\/div><div id=\"pg-1037-1\"  class=\"panel-grid panel-no-style\" ><div id=\"pgc-1037-1-0\"  class=\"panel-grid-cell\" ><div id=\"panel-1037-1-0-0\" class=\"so-panel widget widget_black-studio-tinymce widget_black_studio_tinymce panel-first-child panel-last-child\" data-index=\"2\" ><h3 class=\"widget-title\">Mantenimiento<\/h3><div class=\"textwidget\"><p class=\"p1\">Paneles\u00a0 Fotovoltaicos necesitan poco mantenimiento, s\u00f3lo debe mantener los paneles relativamente limpios y aseg\u00farese de que los \u00e1rboles no hagan sombra.<\/p>\n<p class=\"p1\"><span class=\"s1\">Una vez colocados, dejamos escritos los pasos de mantenimiento que debe llevar a cabo de vez en cuando para asegurarse que todo est\u00e1 funcionando correctamente.<\/span><\/p>\n<p class=\"p1\"><span class=\"s1\">Esto<span class=\"Apple-converted-space\">\u00a0 <\/span>incluye detalles de las se\u00f1ales de fallo del inversor principal y clave para la orientaci\u00f3n. Se lo ense\u00f1aremos cuando todo est\u00e9 instalado. Mantenga<span class=\"Apple-converted-space\">\u00a0 <\/span>vigilado<span class=\"Apple-converted-space\">\u00a0 <\/span>el sistema y la cantidad de electricidad que genera (junto a las condiciones clim\u00e1ticas) se familiarizar\u00e1 con lo que tenga que esperar y avisarle si algo est\u00e1 mal. De otro lado, por qu\u00e9 no tener total tranquilidad<span class=\"Apple-converted-space\">\u00a0 <\/span>y seleccione uno de nuestros <a href=\"http:\/\/plumbingmenorca.com\/es\/mantenimiento\/\">contratos anuales<\/a> de mantenimiento y nosotros nos encargaremos de esto por usted.<\/span><\/p>\n<p class=\"p1\"><span class=\"s1\">Los paneles deber\u00edan durar 25 a\u00f1os o m\u00e1s, pero el inversor corre el riesgo de una<span class=\"Apple-converted-space\">\u00a0 <\/span>sustituci\u00f3n durante este per\u00edodo. <\/span><\/p>\n<\/div><\/div><\/div><\/div><div id=\"pg-1037-2\"  class=\"panel-grid panel-no-style\" ><div id=\"pgc-1037-2-0\"  class=\"panel-grid-cell\" ><div id=\"panel-1037-2-0-0\" class=\"so-panel widget widget_black-studio-tinymce widget_black_studio_tinymce panel-first-child panel-last-child\" data-index=\"3\" ><div class=\"textwidget\"><p><figure id=\"attachment_916\" aria-describedby=\"caption-attachment-916\" style=\"width: 300px\" class=\"wp-caption aligncenter\"><img loading=\"lazy\" decoding=\"async\" class=\"size-medium wp-image-916\" src=\"http:\/\/plumbingmenorca.com\/wp-content\/uploads\/2016\/02\/solar-panel-2-300x200.jpg\" alt=\"Solar Panel Electricity Installation, Menorca\" width=\"300\" height=\"200\" srcset=\"https:\/\/plumbingmenorca.com\/wp-content\/uploads\/2016\/02\/solar-panel-2.jpg 300w, https:\/\/plumbingmenorca.com\/wp-content\/uploads\/2016\/02\/solar-panel-2-272x182.jpg 272w\" sizes=\"(max-width: 300px) 100vw, 300px\" \/><figcaption id=\"caption-attachment-916\" class=\"wp-caption-text\">Instalaci\u00f3n de panel solar electricidad<\/figcaption><\/figure><\/p>\n<\/div><\/div><\/div><div id=\"pgc-1037-2-1\"  class=\"panel-grid-cell\" ><div id=\"panel-1037-2-1-0\" class=\"so-panel widget widget_black-studio-tinymce widget_black_studio_tinymce panel-first-child panel-last-child\" data-index=\"4\" ><div class=\"textwidget\"><p><figure id=\"attachment_918\" aria-describedby=\"caption-attachment-918\" style=\"width: 300px\" class=\"wp-caption aligncenter\"><img loading=\"lazy\" decoding=\"async\" class=\"size-medium wp-image-918\" src=\"http:\/\/plumbingmenorca.com\/wp-content\/uploads\/2016\/02\/solar-panel-1-300x200.jpg\" alt=\"Very Large Capacity Solar Panel Installation, Menorca\" width=\"300\" height=\"200\" srcset=\"https:\/\/plumbingmenorca.com\/wp-content\/uploads\/2016\/02\/solar-panel-1.jpg 300w, https:\/\/plumbingmenorca.com\/wp-content\/uploads\/2016\/02\/solar-panel-1-272x182.jpg 272w\" sizes=\"(max-width: 300px) 100vw, 300px\" \/><figcaption id=\"caption-attachment-918\" class=\"wp-caption-text\">Instalaci\u00f3n en colina<\/figcaption><\/figure><\/p>\n<\/div><\/div><\/div><div id=\"pgc-1037-2-2\"  class=\"panel-grid-cell\" ><div id=\"panel-1037-2-2-0\" class=\"so-panel widget widget_black-studio-tinymce widget_black_studio_tinymce panel-first-child panel-last-child\" data-index=\"5\" ><div class=\"textwidget\"><p><figure id=\"attachment_917\" aria-describedby=\"caption-attachment-917\" style=\"width: 300px\" class=\"wp-caption aligncenter\"><img loading=\"lazy\" decoding=\"async\" class=\"size-medium wp-image-917\" src=\"http:\/\/plumbingmenorca.com\/wp-content\/uploads\/2016\/02\/solar-energy-300x200.jpg\" alt=\"Solar Energy Electricity Battery Bank, Menorca\" width=\"300\" height=\"200\" srcset=\"https:\/\/plumbingmenorca.com\/wp-content\/uploads\/2016\/02\/solar-energy.jpg 300w, https:\/\/plumbingmenorca.com\/wp-content\/uploads\/2016\/02\/solar-energy-272x182.jpg 272w\" sizes=\"(max-width: 300px) 100vw, 300px\" \/><figcaption id=\"caption-attachment-917\" class=\"wp-caption-text\">Banco de bater\u00edas de panales solares el\u00e9ctricos<\/figcaption><\/figure><\/p>\n<\/div><\/div><\/div><\/div><\/div>","protected":false},"excerpt":{"rendered":"<p>Se puede utilizar paneles solares para generar electricidad cargando bater\u00edas de 12v o para calentar el agua. Los paneles solares tambi\u00e9n pueden servir para calentar su piscina.<\/p>\n","protected":false},"author":1,"featured_media":918,"parent":896,"menu_order":0,"comment_status":"closed","ping_status":"closed","template":"","meta":{"footnotes":""},"_links":{"self":[{"href":"https:\/\/plumbingmenorca.com\/es\/wp-json\/wp\/v2\/pages\/1037"}],"collection":[{"href":"https:\/\/plumbingmenorca.com\/es\/wp-json\/wp\/v2\/pages"}],"about":[{"href":"https:\/\/plumbingmenorca.com\/es\/wp-json\/wp\/v2\/types\/page"}],"author":[{"embeddable":true,"href":"https:\/\/plumbingmenorca.com\/es\/wp-json\/wp\/v2\/users\/1"}],"replies":[{"embeddable":true,"href":"https:\/\/plumbingmenorca.com\/es\/wp-json\/wp\/v2\/comments?post=1037"}],"version-history":[{"count":8,"href":"https:\/\/plumbingmenorca.com\/es\/wp-json\/wp\/v2\/pages\/1037\/revisions"}],"predecessor-version":[{"id":1398,"href":"https:\/\/plumbingmenorca.com\/es\/wp-json\/wp\/v2\/pages\/1037\/revisions\/1398"}],"up":[{"embeddable":true,"href":"https:\/\/plumbingmenorca.com\/es\/wp-json\/wp\/v2\/pages\/896"}],"wp:featuredmedia":[{"embeddable":true,"href":"https:\/\/plumbingmenorca.com\/es\/wp-json\/wp\/v2\/media\/918"}],"wp:attachment":[{"href":"https:\/\/plumbingmenorca.com\/es\/wp-json\/wp\/v2\/media?parent=1037"}],"curies":[{"name":"wp","href":"https:\/\/api.w.org\/{rel}","templated":true}]}}