{"id":848,"date":"2016-02-15T08:29:35","date_gmt":"2016-02-15T08:29:35","guid":{"rendered":"http:\/\/plumbingmenorca.com\/es\/central-heating\/"},"modified":"2016-07-24T15:54:11","modified_gmt":"2016-07-24T13:54:11","slug":"calefaccion-central-y-calderas","status":"publish","type":"page","link":"http:\/\/plumbingmenorca.com\/es\/instalaciones\/calefaccion-central-y-calderas\/","title":{"rendered":"Calefacci\u00f3n Central y Calderas"},"content":{"rendered":"<div id=\"pl-848\"  class=\"panel-layout\" ><div id=\"pg-848-0\"  class=\"panel-grid panel-no-style\" ><div id=\"pgc-848-0-0\"  class=\"panel-grid-cell\" ><div id=\"panel-848-0-0-0\" class=\"so-panel widget widget_black-studio-tinymce widget_black_studio_tinymce panel-first-child panel-last-child\" data-index=\"0\" ><div class=\"textwidget\"><div id=\"pgc-571-2-0\" class=\"panel-grid-cell\">\n<div id=\"panel-571-2-0-0\" class=\"so-panel widget widget_black-studio-tinymce widget_black_studio_tinymce panel-first-child panel-last-child\">\n<div class=\"textwidget\">\n<h2>Calefacci\u00f3n Central<\/h2>\n<p>En Menorca nos olvidamos de lo caluroso que es el verano y que fr\u00edo que es el invierno. Haga esos inviernos fr\u00edos m\u00e1s soportable con calefacci\u00f3n central.<\/p>\n<p>Averiguaremos sus necesidades y instalaremos el mejor y m\u00e1s eficiente sistema central de calefacci\u00f3n y agua caliente para su hogar.<\/p>\n<p>Somos expertos en gas, petr\u00f3leo, bombas de calor y energ\u00eda solar.<\/p>\n<p>Ofrecemos una soluci\u00f3n definitiva \u00a0para este tipo de proyectos.\u00a0 Contamos con el conocimiento, capacidad t\u00e9cnica y experiencia para gestionar la instalaci\u00f3n, desde el proyecto hasta la utilizaci\u00f3n, la plomer\u00eda interna y permanente, obras de calefacci\u00f3n por suelo radiante, radiadores para su nueva calefacci\u00f3n o bomba de calor.<\/p>\n<p>Preg\u00fantese:<\/p>\n<ul>\n<li>\u00bfTiene calefacci\u00f3n central instalada en su hogar?<\/li>\n<li>\u00bfNecesita su actual caldera\/calefacci\u00f3n ser actualizada?<\/li>\n<li>\u00bfLe gustar\u00eda tener \u00a0calefacci\u00f3n por suelo radiante?<\/li>\n<li>\u00bfEst\u00e1 interesado en una bombas de calor subterr\u00e1nea (v\u00e9ase abajo)?<\/li>\n<li>\u00bfDesea aprovechar el sol de Menorca e instalar un sistema solar para proporcionarle agua caliente gratis?<\/li>\n<\/ul>\n<p>Si la respuesta a alguna de estas preguntas es s\u00ed - ll\u00e1menos!<\/p>\n<\/div>\n<\/div>\n<\/div>\n<\/div><\/div><\/div><div id=\"pgc-848-0-1\"  class=\"panel-grid-cell\" ><div id=\"panel-848-0-1-0\" class=\"so-panel widget widget_black-studio-tinymce widget_black_studio_tinymce panel-first-child panel-last-child\" data-index=\"1\" ><div class=\"textwidget\"><p><img loading=\"lazy\" decoding=\"async\" src=\"http:\/\/plumbingmenorca.com\/wp-content\/uploads\/2016\/02\/central-heating.jpg\" alt=\"Central heating installation\" width=\"900\" height=\"675\" class=\"alignnone size-full wp-image-841\" srcset=\"http:\/\/plumbingmenorca.com\/wp-content\/uploads\/2016\/02\/central-heating.jpg 900w, http:\/\/plumbingmenorca.com\/wp-content\/uploads\/2016\/02\/central-heating-300x225.jpg 300w, http:\/\/plumbingmenorca.com\/wp-content\/uploads\/2016\/02\/central-heating-768x576.jpg 768w, http:\/\/plumbingmenorca.com\/wp-content\/uploads\/2016\/02\/central-heating-555x416.jpg 555w, http:\/\/plumbingmenorca.com\/wp-content\/uploads\/2016\/02\/central-heating-100x75.jpg 100w\" sizes=\"(max-width: 900px) 100vw, 900px\" \/><\/p>\n<\/div><\/div><\/div><\/div><div id=\"pg-848-1\"  class=\"panel-grid panel-no-style\" ><div id=\"pgc-848-1-0\"  class=\"panel-grid-cell\" ><div id=\"panel-848-1-0-0\" class=\"so-panel widget widget_black-studio-tinymce widget_black_studio_tinymce panel-first-child panel-last-child\" data-index=\"2\" ><div class=\"textwidget\"><p><img loading=\"lazy\" decoding=\"async\" src=\"http:\/\/plumbingmenorca.com\/wp-content\/uploads\/2016\/02\/rad-2.jpg\" alt=\"radiator\" width=\"400\" height=\"350\" class=\"aligncenter size-full wp-image-844\" srcset=\"http:\/\/plumbingmenorca.com\/wp-content\/uploads\/2016\/02\/rad-2.jpg 400w, http:\/\/plumbingmenorca.com\/wp-content\/uploads\/2016\/02\/rad-2-300x263.jpg 300w\" sizes=\"(max-width: 400px) 100vw, 400px\" \/><\/p>\n<\/div><\/div><\/div><div id=\"pgc-848-1-1\"  class=\"panel-grid-cell\" ><div id=\"panel-848-1-1-0\" class=\"so-panel widget widget_black-studio-tinymce widget_black_studio_tinymce panel-first-child panel-last-child\" data-index=\"3\" ><div class=\"textwidget\"><p><img loading=\"lazy\" decoding=\"async\" class=\"size-full wp-image-843 aligncenter\" src=\"http:\/\/plumbingmenorca.com\/wp-content\/uploads\/2016\/02\/rad-4.jpg\" alt=\"Radiator -2\" width=\"400\" height=\"350\" srcset=\"http:\/\/plumbingmenorca.com\/wp-content\/uploads\/2016\/02\/rad-4.jpg 400w, http:\/\/plumbingmenorca.com\/wp-content\/uploads\/2016\/02\/rad-4-300x263.jpg 300w\" sizes=\"(max-width: 400px) 100vw, 400px\" \/><\/p>\n<\/div><\/div><\/div><div id=\"pgc-848-1-2\"  class=\"panel-grid-cell\" ><div id=\"panel-848-1-2-0\" class=\"so-panel widget widget_black-studio-tinymce widget_black_studio_tinymce panel-first-child panel-last-child\" data-index=\"4\" ><div class=\"textwidget\"><p><img loading=\"lazy\" decoding=\"async\" class=\"size-full wp-image-842 aligncenter\" src=\"http:\/\/plumbingmenorca.com\/wp-content\/uploads\/2016\/02\/rad-1.jpg\" alt=\"radiator-1\" width=\"400\" height=\"350\" srcset=\"http:\/\/plumbingmenorca.com\/wp-content\/uploads\/2016\/02\/rad-1.jpg 400w, http:\/\/plumbingmenorca.com\/wp-content\/uploads\/2016\/02\/rad-1-300x263.jpg 300w\" sizes=\"(max-width: 400px) 100vw, 400px\" \/><\/p>\n<\/div><\/div><\/div><\/div><div id=\"pg-848-2\"  class=\"panel-grid panel-no-style\" ><div id=\"pgc-848-2-0\"  class=\"panel-grid-cell\" ><div id=\"panel-848-2-0-0\" class=\"so-panel widget widget_black-studio-tinymce widget_black_studio_tinymce panel-first-child panel-last-child\" data-index=\"5\" ><div class=\"textwidget\"><p><img loading=\"lazy\" decoding=\"async\" class=\"alignnone wp-image-1136 size-full\" src=\"http:\/\/plumbingmenorca.com\/wp-content\/uploads\/2016\/02\/gas-boiler.jpg\" alt=\"Gas boiler, Menorca\" width=\"600\" height=\"800\" srcset=\"http:\/\/plumbingmenorca.com\/wp-content\/uploads\/2016\/02\/gas-boiler.jpg 600w, http:\/\/plumbingmenorca.com\/wp-content\/uploads\/2016\/02\/gas-boiler-225x300.jpg 225w, http:\/\/plumbingmenorca.com\/wp-content\/uploads\/2016\/02\/gas-boiler-416x555.jpg 416w\" sizes=\"(max-width: 600px) 100vw, 600px\" \/><\/p>\n<\/div><\/div><\/div><div id=\"pgc-848-2-1\"  class=\"panel-grid-cell\" ><div id=\"panel-848-2-1-0\" class=\"so-panel widget widget_black-studio-tinymce widget_black_studio_tinymce panel-first-child panel-last-child\" data-index=\"6\" ><h3 class=\"widget-title\">Calderas y Calentadores <\/h3><div class=\"textwidget\"><h4 class=\"alternative-heading\">Instalamos y mantenemos calderas y calentadores<\/h4>\n<p>Instalamos calderas de condensaci\u00f3n que ofrece una excepcional eficiencia energ\u00e9tica \u00a0para ayudar a los propietarios a reducir sus costes de energ\u00eda y emisiones de carbono. Ofrecemos una amplia gama de calderas asegurando que podemos instalar el producto \u00f3ptimo para el tama\u00f1o de su propiedad.<\/p>\n<p>\u00a0Ofrecemos contratos de mantenimiento para que usted est\u00e9 tranquilo, sabiendo que su caldera y su calentador de agua son eficaces y seguros.<\/p>\n<p>Instalamos calderas de\u00a0 gas y de aceite<\/p>\n<p>Podemos tambi\u00e9n instalar calentadores\u00a0 el\u00e9ctricos, \u00a0de gas y de energ\u00eda solar.<\/p>\n<p>\u00a0<\/p>\n<\/div><\/div><\/div><\/div><\/div>","protected":false},"excerpt":{"rendered":"<p>En Menorca nos olvidamos de lo caluroso que es el verano y que fr\u00edo que es el invierno. Haga esos inviernos fr\u00edos m\u00e1s soportable con calefacci\u00f3n central.<br \/>\nAveriguaremos sus necesidades y instalaremos el mejor y m\u00e1s eficiente sistema central de calefacci\u00f3n y agua caliente para su hogar.<\/p>\n","protected":false},"author":1,"featured_media":841,"parent":896,"menu_order":0,"comment_status":"closed","ping_status":"closed","template":"","meta":{"footnotes":""},"_links":{"self":[{"href":"http:\/\/plumbingmenorca.com\/es\/wp-json\/wp\/v2\/pages\/848"}],"collection":[{"href":"http:\/\/plumbingmenorca.com\/es\/wp-json\/wp\/v2\/pages"}],"about":[{"href":"http:\/\/plumbingmenorca.com\/es\/wp-json\/wp\/v2\/types\/page"}],"author":[{"embeddable":true,"href":"http:\/\/plumbingmenorca.com\/es\/wp-json\/wp\/v2\/users\/1"}],"replies":[{"embeddable":true,"href":"http:\/\/plumbingmenorca.com\/es\/wp-json\/wp\/v2\/comments?post=848"}],"version-history":[{"count":11,"href":"http:\/\/plumbingmenorca.com\/es\/wp-json\/wp\/v2\/pages\/848\/revisions"}],"predecessor-version":[{"id":1378,"href":"http:\/\/plumbingmenorca.com\/es\/wp-json\/wp\/v2\/pages\/848\/revisions\/1378"}],"up":[{"embeddable":true,"href":"http:\/\/plumbingmenorca.com\/es\/wp-json\/wp\/v2\/pages\/896"}],"wp:featuredmedia":[{"embeddable":true,"href":"http:\/\/plumbingmenorca.com\/es\/wp-json\/wp\/v2\/media\/841"}],"wp:attachment":[{"href":"http:\/\/plumbingmenorca.com\/es\/wp-json\/wp\/v2\/media?parent=848"}],"curies":[{"name":"wp","href":"https:\/\/api.w.org\/{rel}","templated":true}]}}